{"id":65228,"date":"2025-07-30T14:36:11","date_gmt":"2025-07-30T11:36:11","guid":{"rendered":"https:\/\/losebig.gr\/?post_type=product&#038;p=65228"},"modified":"2025-10-16T14:13:56","modified_gmt":"2025-10-16T11:13:56","slug":"losebig-fullmeal-banana-chocolate-copy-copy-copy-copy-copy-copy-copy","status":"publish","type":"product","link":"https:\/\/staging.losebig.gr\/de\/shop\/losebig-fullmeal-banana-chocolate-copy-copy-copy-copy-copy-copy-copy\/","title":{"rendered":"Losebig Vollmahlzeit Wassermelone &#8211; Vollwertige Mahlzeit 332 Kalorien 40g Protein"},"content":{"rendered":"<p><strong>Schaffen Sie es immer, sich gesund zu ern\u00e4hren, besonders wenn die Zeit knapp ist?  <\/strong><\/p>\n<p><em>Viele von uns schaffen es nicht und greifen oft zu schnellem, ungesundem Essen oder lassen Mahlzeiten ausfallen, was definitiv nicht die beste Wahl ist.<\/em><\/p>\n<p>&nbsp;<\/p>\n<p><strong>Die <\/strong><strong>FULLMEAL<\/strong><strong> ist die perfekte Ern\u00e4hrungsl\u00f6sung, wo immer Sie sind: <\/strong> <\/p>\n<p><em>Es ist ausgewogen, schnell, einfach und extrem lecker!<\/em><\/p>\n<p><em>Ein Paket ist eine komplette Mahlzeit<\/em><\/p>\n<p><em>H\u00e4lt Sie bis zu 5 Stunden satt! * Hilft Ihnen, ein normales Gewicht zu halten.<\/em><\/p>\n<p><em>Es enth\u00e4lt alle Vitamine, Mineralien, Fr\u00fcchte, Kr\u00e4uter, Kohlenhydrate, Ballaststoffe und Proteine.<\/em><\/p>\n<p>&nbsp;<\/p>\n<p><strong>Sie sind CLEAN HEAT und nur 332:<\/strong><\/p>\n<p><em>M<\/em><em>Mit fast keinem Fett, mit minimalem nat\u00fcrlichem Zucker, ohne Zuckerzusatz, ohne hohe Kohlenhydrate, mit essbaren Ballaststoffen. Die   <\/em><em>FULLMEAL<\/em><em> von LOSEBIG ist eine moderne Di\u00e4t, die perfekt in Ihren schnelllebigen Lebensstil passt, lecker, einfach und ausgewogen.<\/em><\/p>\n<p>&nbsp;<\/p>\n<p><strong>Das ist eine intelligente L\u00f6sung:<\/strong><\/p>\n<p><em>Nehmen Sie es immer und \u00fcberall mit. Sie m\u00fcssen nicht nach einem Restaurant suchen. <\/em><\/p>\n<p><em>Wie oft haben Sie keine Zeit, eine frische Mahlzeit zuzubereiten? Weil Sie auf Reisen sind, weil Sie im B\u00fcro sind, zu Hause, weil Sie m\u00fcde sind, weil Sie eine Di\u00e4t machen? <\/em><\/p>\n<p>&nbsp;<\/p>\n<p><em>Unsere Fertiggerichte, Fullmeals, sind superpraktisch. F\u00fcgen Sie einfach Wasser in der gew\u00fcnschten Temperatur hinzu, sch\u00fctteln Sie es ein paar Sekunden lang und schon k\u00f6nnen Sie essen!<\/em><\/p>\n<p><em>Eine vollwertige Mahlzeit ist einfach und praktisch, schmackhaft und deckt pro Portion 16,60% bis 22,10% unseres t\u00e4glichen N\u00e4hrstoffbedarfs.<\/em><\/p>\n<p>&nbsp;<\/p>\n<p><strong>F\u00fcllt Ihre Geschmacksnerven<\/strong><\/p>\n<p><em>Fruchtige, s\u00fc\u00dfe, cremige oder salzige Velout\u00e9? Vollkornmehl gibt es in vielen k\u00f6stlichen Geschmacksrichtungen.<br \/>\n<\/em><em> <\/em><\/p>\n<p><em>Schokolade &amp; Banane<\/em><\/p>\n<p><em>Erdbeere &amp; Vanille<\/em><\/p>\n<p><em>Mix Cheese<\/em><\/p>\n<p>Mango<\/p>\n<p>Mastix<\/p>\n<p>Orange<\/p>\n<p>Cappuccino<\/p>\n<p>Pfirsich<\/p>\n<p>Granatapfel<\/p>\n<p>Wassermelone<\/p>\n<p>Thail\u00e4ndische Suppe<\/p>\n<p>Keks<\/p>\n<p>Espresso<\/p>\n<p>&nbsp;<\/p>\n<p><strong>Legen Sie sie <\/strong><strong>FULLMEALS<\/strong><strong> in Ihre t\u00e4gliche Routine ein und verbessern Sie die Ern\u00e4hrung, die ein gesundes Leben und ein korrektes K\u00f6rpergewicht f\u00f6rdert.<\/strong><\/p>\n<p><em>Fullmeals f\u00e4llt in die Kategorie der Smart Foods, einer neuen Kategorie von Lebensmitteln mit einem vollst\u00e4ndigen N\u00e4hrwertprofil, die jederzeit schnell und einfach verzehrt werden k\u00f6nnen. Unsere Produkte sind das Ergebnis des Zusammenspiels von Ern\u00e4hrungswissenschaft und Technologie. Sie erm\u00f6glichen es den Menschen, jederzeit und \u00fcberall eine ausgewogene Ern\u00e4hrung zu sich zu nehmen.<br \/>\n<\/em><em> <\/em><\/p>\n<p>Smart Food ist gr\u00f6\u00dfer als andere Trends oder Lebensmittelkategorien wie funktionelle, klassische Fertiggerichte oder Proteindrinks, denn es ist praktisch, gesund, schmackhaft und nachhaltig.<\/p>\n<p>Sie sind vollst\u00e4ndige, ausgewogene Mahlzeiten. Das bedeutet, dass sie Sie f\u00fcr mehrere Stunden satt machen und Ihnen Energie geben, ohne Ihr Verdauungssystem zu \u00fcberlasten. <\/p>\n<p><strong>Und ja, eine richtige Ern\u00e4hrung, die Sie satt macht, schw\u00e4cht Sie gleichzeitig!<\/strong><\/p>\n<p><em>Eine <strong>volle Mahlzeit<\/strong> enth\u00e4lt 332 kcal, was 16,60% des t\u00e4glichen Energie- und N\u00e4hrstoffbedarfs eines Mannes und 22,10% des Tagesbedarfs einer Frau deckt (basierend auf dem durchschnittlichen Energiebedarf eines Erwachsenen).<\/em><\/p>\n<p>&nbsp;<\/p>\n<p><strong>FULLMEAL<\/strong><strong>&#8230;und mit einem niedrigen glyk\u00e4mischen Index<\/strong><\/p>\n<p><em>Es verhindert einen schnellen Anstieg des Blutzuckerspiegels, so dass Sie sich nach dem Essen weniger m\u00fcde f\u00fchlen.<\/em><\/p>\n<p><em>Ohne Zuckerzusatz, laktose- und glutenfrei, mit langer Haltbarkeit. Es schmeckt k\u00f6stlich und ist leicht verdaulich. <\/em><\/p>\n<p>&nbsp;<\/p>\n<p><em>* Beachten Sie, dass die S\u00e4ttigungswerte von individuellen physiologischen Faktoren wie K\u00f6rpergr\u00f6\u00dfe, Aktivit\u00e4tsniveau und Empfindlichkeit abh\u00e4ngen.<\/em><\/p>\n","protected":false},"excerpt":{"rendered":"<p><strong>FULLMEAL<\/strong> von <strong>LOSEBIG<\/strong><\/p>\n<p><strong>Er f\u00fcllt Sie bis zu 5 Stunden!<\/strong><\/p>\n<p>&#8230;die vollst\u00e4ndigste und ges\u00fcndeste Mahlzeit mit nur 332 Kalorien, sauber, reich an Eiwei\u00df 92,50%, mit nur 0,0004 Gramm Fett pro 500ml, ohne Zuckerzusatz und voller Ballaststoffe, Vitamine, Mineralien, Frucht- und Kr\u00e4uterextrakte in erstaunlichem Geschmack Wassermelone!<\/p>\n<p>&nbsp;<\/p>\n<p>Die schlaue und gesunde Mahlzeit, die Sie immer und \u00fcberall mitnehmen k\u00f6nnen, geeignet f\u00fcr eine gesunde Ern\u00e4hrung und dar\u00fcber hinaus!<\/p>\n<ul>\n<li>In ein paar Sekunden fertig.<\/li>\n<li>Es enth\u00e4lt alles, was Sie von einer Mahlzeit brauchen und mehr!<\/li>\n<li>Hei\u00df oder kalt. Als Smoothie oder Suppe. <\/li>\n<li>H\u00e4lt Sie bis zu 5 Stunden lang satt! Au\u00dferdem hilft es Ihnen, ein normales Gewicht zu halten. <\/li>\n<li>Es ist 100% nat\u00fcrlich und ausgewogen<\/li>\n<\/ul>\n","protected":false},"featured_media":65231,"comment_status":"closed","ping_status":"closed","template":"","meta":[],"product_brand":[],"product_cat":[231,200,199],"product_tag":[],"class_list":{"0":"post-65228","1":"product","2":"type-product","3":"status-publish","4":"has-post-thumbnail","6":"product_cat-losebig-fullmeals-de","7":"product_cat-alle-produkte","8":"product_cat-alle-geschmacksrichtungen","10":"first","11":"instock","12":"sale","13":"shipping-taxable","14":"purchasable","15":"product-type-simple"},"_links":{"self":[{"href":"https:\/\/staging.losebig.gr\/de\/wp-json\/wp\/v2\/product\/65228","targetHints":{"allow":["GET"]}}],"collection":[{"href":"https:\/\/staging.losebig.gr\/de\/wp-json\/wp\/v2\/product"}],"about":[{"href":"https:\/\/staging.losebig.gr\/de\/wp-json\/wp\/v2\/types\/product"}],"replies":[{"embeddable":true,"href":"https:\/\/staging.losebig.gr\/de\/wp-json\/wp\/v2\/comments?post=65228"}],"version-history":[{"count":5,"href":"https:\/\/staging.losebig.gr\/de\/wp-json\/wp\/v2\/product\/65228\/revisions"}],"predecessor-version":[{"id":69100,"href":"https:\/\/staging.losebig.gr\/de\/wp-json\/wp\/v2\/product\/65228\/revisions\/69100"}],"wp:featuredmedia":[{"embeddable":true,"href":"https:\/\/staging.losebig.gr\/de\/wp-json\/wp\/v2\/media\/65231"}],"wp:attachment":[{"href":"https:\/\/staging.losebig.gr\/de\/wp-json\/wp\/v2\/media?parent=65228"}],"wp:term":[{"taxonomy":"product_brand","embeddable":true,"href":"https:\/\/staging.losebig.gr\/de\/wp-json\/wp\/v2\/product_brand?post=65228"},{"taxonomy":"product_cat","embeddable":true,"href":"https:\/\/staging.losebig.gr\/de\/wp-json\/wp\/v2\/product_cat?post=65228"},{"taxonomy":"product_tag","embeddable":true,"href":"https:\/\/staging.losebig.gr\/de\/wp-json\/wp\/v2\/product_tag?post=65228"}],"curies":[{"name":"wp","href":"https:\/\/api.w.org\/{rel}","templated":true}]}}