{"id":49097,"date":"2025-04-16T12:59:05","date_gmt":"2025-04-16T09:59:05","guid":{"rendered":"https:\/\/losebig.gr\/shop\/losebig-spray-losebig-90-capsules\/"},"modified":"2026-02-03T15:18:42","modified_gmt":"2026-02-03T13:18:42","slug":"losebig-spray-losebig-90-capsules","status":"publish","type":"product","link":"https:\/\/staging.losebig.gr\/de\/shop\/losebig-spray-losebig-90-capsules\/","title":{"rendered":"LOSEBiG Spray + LOSEBiG 90 capsules"},"content":{"rendered":"<h3>Kombinieren Sie Losebig Spray mit Losebig Caps f\u00fcr 100%igen Erfolg!<\/h3>\n<p>Tanken Sie weniger Lebensmittel, genie\u00dfen Sie ein Leben mit weniger Gewicht<\/p>\n<p>Losebig Caps ist der Bruder von Losebig Spray und erg\u00e4nzt Ihre Bem\u00fchungen um ein normales Gewicht, um ein Leben mit weniger Problemen und um ein angenehmeres Leben.<\/p>\n<p>W\u00e4hrend Spay Hei\u00dfhunger, emotionale Bulimie und das Verlangen nach Junk-Snacks reduziert, die f\u00fcr 50% der \u00fcbersch\u00fcssigen Kalorien verantwortlich sind, die der K\u00f6rper zwischen den Mahlzeiten aufnimmt, ohne sie zu ben\u00f6tigen, was zu \u00dcbergewicht f\u00fchrt, deckt Losebig Caps mit seiner einzigartigen Zusammensetzung das \u00fcberm\u00e4\u00dfige Essen von Mengen w\u00e4hrend der Mahlzeiten und die anderen 50% der \u00fcbersch\u00fcssigen Kalorien ab.<\/p>\n<h3><strong>Bei Einnahme von zwei Kapseln Losebig Caps 30 Minuten vor der Mahlzeit ist der Erfolg 100%ig<\/strong><\/h3>\n<p><strong>Wie es funktioniert<\/strong><\/p>\n<p>MIT GLUCOMANNAN \/ APFELESSIG \/ BERBERIN \/ INGWER \/ ZICHORIE<\/p>\n<p>Losebig Caps enth\u00e4lt zugelassene Inhaltsstoffe wie Berberin, Psillium, Jujuba, Apfelsaft und Glucomannan, die laut der offiziellen EFSA-Richtlinie bei der Einnahme von zwei Kapseln mit 1000 mg vor einer Mahlzeit helfen, das K\u00f6rpergewicht zu reduzieren.<\/p>\n<p>Glucomannan ist ein Ballaststoff, der aus der Wurzel der Konjak-Pflanze (Amorphophallus konjac) gewonnen wird, einer mehrj\u00e4hrigen Pflanze, die in S\u00fcdostasien und Afrika w\u00e4chst.<\/p>\n<p>Glucomannan ist eine reichhaltige Quelle f\u00fcr l\u00f6sliche Ballaststoffe, die sich positiv auf das Verdauungssystem auswirken und fast keine Kalorien enthalten. Als Nahrungserg\u00e4nzungsmittel wird Glucomannan offiziell zur Behandlung von Fettleibigkeit eingesetzt. <\/p>\n<p>Es hat eine wichtige physikochemische Eigenschaft wie die Wasseraufnahme. Diese Eigenschaft l\u00e4sst ihn im Magen aufquellen, so dass wir uns satt und zufrieden f\u00fchlen. <\/p>\n<p>Er ist eine Art nicht-ionischer hydrokolloidaler Ballaststoff und besteht aus D-Mannose und D-Glucose, die durch \u03b2-1,4 glykosidische Bindungen in einem Molverh\u00e4ltnis von 1:1,6-1:1,4 verbunden sind. Au\u00dferdem gibt es Acetylgruppen an zuf\u00e4lligen Positionen entlang des Molek\u00fcls. Das Molekulargewicht von Glucomannan reicht bis zu 2 000 000, je nach Extraktionsverfahren.  <\/p>\n<p>Glucomannan kann eine Schicht um die Nahrung bilden und so die Aufnahme von Cholesterin und Gallens\u00e4uren hemmen. Au\u00dferdem bildet es einen Schutzfilm auf der Darmwand und verl\u00e4ngert die Verweildauer der Nahrung im Magen. Dar\u00fcber hinaus reinigen Ballaststoffe den Magen und entfernen Giftstoffe durch die peristaltische Bewegung des Darms. Da sie effektiv Wasser absorbieren und wenig Kalorien enthalten, f\u00f6rdern sie das S\u00e4ttigungsgef\u00fchl und reduzieren den Hunger.   <\/p>\n<h3>  *********<\/h3>\n<p>LOSEBIG SPRAY enth\u00e4lt 30ml und h\u00e4lt bei dynamischer Anwendung etwa 15 Tage, eine durchschnittliche Anwendung liegt bei 30 Tagen und das Maximum bei 45 Tagen. Das Positive daran ist, dass Sie es an Ihre Bed\u00fcrfnisse anpassen und nach 3 Monaten werden Sie es h\u00f6chstwahrscheinlich nicht mehr brauchen, da sich der K\u00f6rper auf die richtigen Nahrungsmengen eingestellt hat. Es ist wichtig, dass Sie es machen, wenn Sie ein starkes Verlangen (Hei\u00dfhunger) haben, etwas zu essen, obwohl Sie es nicht brauchen, es macht keinen Sinn, es nach dem Naschen zu machen.  <\/p>\n<p>Es ist auch wichtig, einige Minuten lang kein Wasser zu trinken. Sie m\u00fcssen die Inhaltsstoffe von den Speicheldr\u00fcsen im Mund aufnehmen lassen und gleichzeitig den Geschmacksknospen Zeit geben, zu arbeiten. Es macht keinen Sinn, dies nach einem Snack zu tun oder wenn Sie sofort Wasser trinken. <\/p>\n<p>F\u00fcr die Wirksamkeit der Inhaltsstoffe von LOSEBIG SPRAY gibt es zahlreiche Studien, w\u00e4hrend f\u00fcr das Produkt selbst eine sehr gro\u00dfe Studie von der HELLENIC DIETROPHOLOGICAL SOCIETY unter Dr. Dimitris Grigorakis durchgef\u00fchrt wurde, deren Ergebnisse erstaunlich sind! <\/p>\n<p>LOSEBIG CAPS enth\u00e4lt 90 Kapseln und h\u00e4lt bei der dynamischsten Einnahme, d.h. 2 Kapseln dreimal t\u00e4glich, 15 Tage, bei einer durchschnittlichen Einnahme 22 Tage und bei einer konservativen Einnahme 45 Tage lang. Nehmen Sie 2 Kapseln immer eine halbe Stunde vor einer Mahlzeit ein, um ein S\u00e4ttigungsgef\u00fchl zu erzeugen, so dass Sie weniger Nahrung zu sich nehmen und Ihr Gewicht reduzieren oder halten k\u00f6nnen. Der Inhaltsstoff hat eine offizielle Angabe der EFSA zur Gewichtsabnahme, mit der die FDA \u00fcbereinstimmt.  <\/p>\n<p><strong>Erfolg ist 100%ig<\/strong><\/p>\n<p>LOSEBIG SPRAY hilft bei der Bek\u00e4mpfung von Hei\u00dfhungerattacken, um Naschen oder stressige Bulimie zu vermeiden, die Sie mit 50% der unn\u00f6tigen t\u00e4glichen Kalorien belastet. Au\u00dferdem hilft Ihnen LOSEBIG CAPS, den \u00fcberm\u00e4\u00dfigen Verbrauch in der Menge der Mahlzeiten zu reduzieren, d.h. statt zwei Gerichten das normale zu konsumieren, d.h. eines oder je nach K\u00f6rpertyp oder Bewegung. Mit einer Kombination aus beidem ist das Ergebnis 100%. <\/p>\n<h3><strong>Wenn Sie abnehmen und normal zunehmen wollen, m\u00fcssen Sie ehrlich zu sich selbst sein.<\/strong><\/h3>\n<p>Das Ergebnis ist garantiert. Tun Sie es einfach! <\/p>\n<p>&#8220;F\u00fcr diejenigen, die sich bem\u00fchen, f\u00fcr diejenigen, die entt\u00e4uscht sind, f\u00fcr diejenigen, die Hoffnung haben und f\u00fcr diejenigen, die Kraft brauchen, um ihr Ziel zu erreichen und sich gut zu f\u00fchlen&#8221;<\/p>\n","protected":false},"excerpt":{"rendered":"<p>Kombinieren Sie <strong>Losebig Caps<\/strong> mit <strong>Losebig Spray<\/strong> und nehmen Sie vom ersten Tag an ab!<\/p>\n","protected":false},"featured_media":69209,"comment_status":"closed","ping_status":"closed","template":"","meta":[],"product_brand":[],"product_cat":[200,203,201],"product_tag":[],"class_list":{"0":"post-49097","1":"product","2":"type-product","3":"status-publish","4":"has-post-thumbnail","6":"product_cat-alle-produkte","7":"product_cat-losebig-spray-de","8":"product_cat-losebig-kappen","10":"first","11":"instock","12":"sale","13":"shipping-taxable","14":"purchasable","15":"product-type-variable"},"_links":{"self":[{"href":"https:\/\/staging.losebig.gr\/de\/wp-json\/wp\/v2\/product\/49097","targetHints":{"allow":["GET"]}}],"collection":[{"href":"https:\/\/staging.losebig.gr\/de\/wp-json\/wp\/v2\/product"}],"about":[{"href":"https:\/\/staging.losebig.gr\/de\/wp-json\/wp\/v2\/types\/product"}],"replies":[{"embeddable":true,"href":"https:\/\/staging.losebig.gr\/de\/wp-json\/wp\/v2\/comments?post=49097"}],"version-history":[{"count":1,"href":"https:\/\/staging.losebig.gr\/de\/wp-json\/wp\/v2\/product\/49097\/revisions"}],"predecessor-version":[{"id":69212,"href":"https:\/\/staging.losebig.gr\/de\/wp-json\/wp\/v2\/product\/49097\/revisions\/69212"}],"wp:featuredmedia":[{"embeddable":true,"href":"https:\/\/staging.losebig.gr\/de\/wp-json\/wp\/v2\/media\/69209"}],"wp:attachment":[{"href":"https:\/\/staging.losebig.gr\/de\/wp-json\/wp\/v2\/media?parent=49097"}],"wp:term":[{"taxonomy":"product_brand","embeddable":true,"href":"https:\/\/staging.losebig.gr\/de\/wp-json\/wp\/v2\/product_brand?post=49097"},{"taxonomy":"product_cat","embeddable":true,"href":"https:\/\/staging.losebig.gr\/de\/wp-json\/wp\/v2\/product_cat?post=49097"},{"taxonomy":"product_tag","embeddable":true,"href":"https:\/\/staging.losebig.gr\/de\/wp-json\/wp\/v2\/product_tag?post=49097"}],"curies":[{"name":"wp","href":"https:\/\/api.w.org\/{rel}","templated":true}]}}