{"id":30835,"date":"2025-02-17T23:10:06","date_gmt":"2025-02-17T21:10:06","guid":{"rendered":"https:\/\/losebig.gr\/?post_type=product&#038;p=30835"},"modified":"2026-04-03T15:21:29","modified_gmt":"2026-04-03T12:21:29","slug":"losebig-90-caps-copy","status":"publish","type":"product","link":"https:\/\/staging.losebig.gr\/de\/shop\/losebig-90-caps-copy\/","title":{"rendered":"LOSEBiG MULTIVITAMIN"},"content":{"rendered":"<p><strong>Die beste Di\u00e4t-Multivitamin, die je entwickelt wurde \u2013 und nicht nur das!!!!<\/strong><\/p>\n<p>Die <strong>LOSEBIG MULTIVITAMIN<\/strong> liefert die wichtigsten Mikron\u00e4hrstoffe, einschlie\u00dflich Vitamin D, B-Vitamine, Vitamin C und K, einige essentielle Mineralien, Aminos\u00e4uren, Gel\u00e9e Royale und Pflanzenextrakte.<\/p>\n<p><em>Royal Jelly \/ Ginseng Panax Extract \/ Chlorophyll Typ A \/ NAD als Nicotinamid-Adenin-Dinukleotid \/ Maispeptide \/ Q10 Coenzym \/ Apfels\u00e4ure \/ Tryptophan \/ L-Tyrosin Ascorbins\u00e4ure als Ester (Vitamin C) \/ Vitamin B12 als Methylcobalamin \/ Vitamin B6 als Pyridoxinhydrochlorid \/ Vitamin D3 als Cholecalciferol \/ Vitamin K2 als Menaquinon 7 \/ Fols\u00e4ure \/ Magnesium als Chelat (Bisglycinat) \/ Zink als Citrat. <\/em><\/p>\n<ul>\n<li>Wenn du eine Di\u00e4t machst oder versuchst, Gewicht zu verlieren, brauchst du auch das richtige Multivitamin, und das ist das LOSEBIG MULTIVITAMIN mit GEL\u00c9E ROYALE &amp; GINSENG!<\/li>\n<li>Dein K\u00f6rper erh\u00e4lt nicht mehr die Menge an N\u00e4hrstoffen, die er gewohnt ist, und reagiert oft mit dem ber\u00fchmten Plateau.<\/li>\n<li>Deshalb hat Amhes Pharma das richtige Multivitamin entwickelt, um den K\u00f6rper zu st\u00e4rken, ihm die notwendigen N\u00e4hrstoffe zu geben und die Stoffwechselprozesse zu aktivieren, w\u00e4hrend gleichzeitig eine Entgiftung von Schwermetallen stattfindet, die beim Abbau von Fett freigesetzt werden.<\/li>\n<li>Ja, Schwermetalle und Toxine neigen dazu, im Fett gespeichert zu werden und werden beim Abnehmen massenhaft ins Blut freigesetzt. Deshalb haben wir in die Losebig Multivitamin verst\u00e4rkte nat\u00fcrliche Detox-Faktoren wie Chlorophyll Typ A eingebaut.<\/li>\n<li>Das Produkt enth\u00e4lt Gel\u00e9e Royale, Ginseng, NAD, Q10, pflanzliche Peptide, Aminos\u00e4uren, Vitamine und Mineralien wie Magnesium und stellt damit das beste Di\u00e4t-Multivitamin dar, das je entwickelt wurde \u2013 und nicht nur das!!!!<\/li>\n<li>Es wird bald mit allen Zertifizierungen erh\u00e4ltlich sein, wird vom gr\u00f6\u00dften Hersteller von Nahrungserg\u00e4nzungsmitteln in Griechenland, Amhes Pharma, produziert und wird auf www.losebig.gr und in Apotheken erh\u00e4ltlich sein.<\/li>\n<\/ul>\n<h3>Das richtige Multivitamin<\/h3>\n<p>Ein Multivitamin ist ein Nahrungserg\u00e4nzungsmittel, das Vitamine, Mineralien und manchmal auch andere gesundheitsf\u00f6rdernde Inhaltsstoffe kombiniert. Es gibt keine festgelegte Liste von Zutaten, aber es ist sehr wichtig, eine harmonische Kombination von Vitaminen, Spurenelementen, Kr\u00e4utern und vegetarischen Inhaltsstoffen wie in dem LOSEBIG Multivitamin zu haben, das nicht nur f\u00fcr Di\u00e4ten geeignet ist, sondern auch f\u00fcr die zus\u00e4tzliche Unterst\u00fctzung des K\u00f6rpers und in Phasen, in denen man keine spezielle Di\u00e4t macht, da wir aus der Nahrung nicht alle N\u00e4hrstoffe erhalten, die unser K\u00f6rper ben\u00f6tigt.<\/p>\n<h3>Ern\u00e4hrung ist wichtig<\/h3>\n<p>Zun\u00e4chst einmal sollte man eine ausgewogene und abwechslungsreiche Ern\u00e4hrung haben, um die wichtigen Vitamine und Mineralstoffe zu erhalten, die unser K\u00f6rper ben\u00f6tigt, um optimal zu funktionieren. Vitamine D, C und K, Ballaststoffe, Zink, Peptide und Enzyme, um nur einige zu nennen, sind alle notwendig f\u00fcr die gute geistige und k\u00f6rperliche Gesundheit. Aufgrund verschiedener Faktoren zeigen jedoch Studien, dass wir kontinuierlich hinter den empfohlenen Aufnahmen zur\u00fcckbleiben. Im Laufe der Zeit kann dies ein Risikofaktor f\u00fcr chronische Krankheiten sein, insbesondere bei \u00e4lteren Menschen. Daher ist es ratsam, die Ern\u00e4hrung mit einem gut ausgew\u00e4hlten Nahrungserg\u00e4nzungsmittel zu erg\u00e4nzen.<\/p>\n<h3>Wer kann von einem Multivitamin profitieren?<\/h3>\n<p>Wenn Ihre Ern\u00e4hrung nicht so gut ist, wie sie sein k\u00f6nnte, vielleicht aufgrund von Nahrungsmittelunvertr\u00e4glichkeiten, Allergien oder einer eingeschr\u00e4nkten Ern\u00e4hrungsauswahl, kann das LOSEBIG MULTIVITAMIN als ern\u00e4hrungsbedingtes Sicherheitsnetz dienen. Kurz gesagt, es kann f\u00fcr diejenigen n\u00fctzlich sein, die:<\/p>\n<ul>\n<li>Eine Unvertr\u00e4glichkeit oder Allergie gegen\u00fcber Lebensmitteln wie Eiern, Milchprodukten oder Weizen haben.<\/li>\n<li>Eine eingeschr\u00e4nkte pflanzenbasierte Ern\u00e4hrung folgen und alle Fleischarten vermeiden.<\/li>\n<li>Eine eingeschr\u00e4nkte Di\u00e4t aus kulturellen, ethischen oder religi\u00f6sen Gr\u00fcnden befolgen.<\/li>\n<li>Einen eingeschr\u00e4nkten Appetit haben oder Probleme beim Kauen oder Schlucken haben.<\/li>\n<li>Eine Schwangerschaft planen oder schwanger sind.<\/li>\n<li>\u00dcber 65 Jahre alt sind und eine reduzierte Aufnahme bestimmter N\u00e4hrstoffe haben k\u00f6nnten.<\/li>\n<li>Eine Di\u00e4t zur Gewichtsreduktion machen.<\/li>\n<\/ul>\n","protected":false},"excerpt":{"rendered":"<p>Die <strong>LOSEBIG MULTIVITAMIN <\/strong>liefert die wichtigsten Mikron\u00e4hrstoffe, einschlie\u00dflich Vitamin D, B-Vitamine, Vitamin C und K, einige essentielle Mineralien, Aminos\u00e4uren, Gel\u00e9e Royale und Pflanzenextrakte.<\/p>\n","protected":false},"featured_media":30847,"comment_status":"open","ping_status":"closed","template":"","meta":[],"product_brand":[],"product_cat":[217,200,199],"product_tag":[],"class_list":{"0":"post-30835","1":"product","2":"type-product","3":"status-publish","4":"has-post-thumbnail","6":"product_cat-losebig-multivitamine","7":"product_cat-alle-produkte","8":"product_cat-alle-geschmacksrichtungen","10":"first","11":"instock","12":"sale","13":"shipping-taxable","14":"purchasable","15":"product-type-simple"},"_links":{"self":[{"href":"https:\/\/staging.losebig.gr\/de\/wp-json\/wp\/v2\/product\/30835","targetHints":{"allow":["GET"]}}],"collection":[{"href":"https:\/\/staging.losebig.gr\/de\/wp-json\/wp\/v2\/product"}],"about":[{"href":"https:\/\/staging.losebig.gr\/de\/wp-json\/wp\/v2\/types\/product"}],"replies":[{"embeddable":true,"href":"https:\/\/staging.losebig.gr\/de\/wp-json\/wp\/v2\/comments?post=30835"}],"version-history":[{"count":5,"href":"https:\/\/staging.losebig.gr\/de\/wp-json\/wp\/v2\/product\/30835\/revisions"}],"predecessor-version":[{"id":40415,"href":"https:\/\/staging.losebig.gr\/de\/wp-json\/wp\/v2\/product\/30835\/revisions\/40415"}],"wp:featuredmedia":[{"embeddable":true,"href":"https:\/\/staging.losebig.gr\/de\/wp-json\/wp\/v2\/media\/30847"}],"wp:attachment":[{"href":"https:\/\/staging.losebig.gr\/de\/wp-json\/wp\/v2\/media?parent=30835"}],"wp:term":[{"taxonomy":"product_brand","embeddable":true,"href":"https:\/\/staging.losebig.gr\/de\/wp-json\/wp\/v2\/product_brand?post=30835"},{"taxonomy":"product_cat","embeddable":true,"href":"https:\/\/staging.losebig.gr\/de\/wp-json\/wp\/v2\/product_cat?post=30835"},{"taxonomy":"product_tag","embeddable":true,"href":"https:\/\/staging.losebig.gr\/de\/wp-json\/wp\/v2\/product_tag?post=30835"}],"curies":[{"name":"wp","href":"https:\/\/api.w.org\/{rel}","templated":true}]}}