{"id":79927,"date":"2026-01-29T13:15:37","date_gmt":"2026-01-29T11:15:37","guid":{"rendered":"https:\/\/losebig.gr\/gebrauchsanweisung-erfolgsleitfaden\/"},"modified":"2026-01-29T13:27:44","modified_gmt":"2026-01-29T11:27:44","slug":"gebrauchsanweisung-erfolgsleitfaden","status":"publish","type":"page","link":"https:\/\/staging.losebig.gr\/de\/gebrauchsanweisung-erfolgsleitfaden\/","title":{"rendered":"Gebrauchsanweisung \/ Erfolgsleitfaden"},"content":{"rendered":"\t\t<div data-elementor-type=\"wp-page\" data-elementor-id=\"79927\" class=\"elementor elementor-79927 elementor-79918\" data-elementor-post-type=\"page\">\n\t\t\t\t<div class=\"wd-negative-gap elementor-element elementor-element-4a5f32b e-flex e-con-boxed e-con e-parent\" data-id=\"4a5f32b\" data-element_type=\"container\" data-e-type=\"container\">\n\t\t\t\t\t<div class=\"e-con-inner\">\n\t\t\t\t<div class=\"elementor-element elementor-element-e65be49 heading elementor-widget__width-initial elementor-widget-mobile__width-inherit elementor-widget elementor-widget-heading\" data-id=\"e65be49\" data-element_type=\"widget\" data-e-type=\"widget\" data-widget_type=\"heading.default\">\n\t\t\t\t\t<h1 class=\"elementor-heading-title elementor-size-default\">Leitfaden<br><u>Erfolgsleitfaden<\/u><\/h1>\t\t\t\t<\/div>\n\t\t\t\t<div class=\"elementor-element elementor-element-7826054 elementor-widget__width-initial elementor-widget-mobile__width-inherit txt-no-col color-scheme-inherit text-left elementor-widget elementor-widget-text-editor\" data-id=\"7826054\" data-element_type=\"widget\" data-e-type=\"widget\" data-widget_type=\"text-editor.default\">\n\t\t\t\t\t\t\t\t\t<p data-pm-slice=\"1 3 []\">Die Philosophie der Verwendung von LoseBiG basiert auf:<\/p><ol class=\"ProsemirrorEditor-list\"><li class=\"ProsemirrorEditor-listItem\" data-list-indent=\"1\" data-list-type=\"bulleted\"><p>die richtige Vorbereitung des K\u00f6rpers vor der Mahlzeit, und<\/p><\/li><li class=\"ProsemirrorEditor-listItem\" data-list-indent=\"1\" data-list-type=\"bulleted\"><p>die Bew\u00e4ltigung von Hei\u00dfhungerattacken und emotionalem Hunger w\u00e4hrend des Tages.<\/p><\/li><\/ol>\t\t\t\t\t\t\t\t<\/div>\n\t\t\t\t\t<\/div>\n\t\t\t\t<\/div>\n\t\t<div class=\"wd-negative-gap elementor-element elementor-element-0e49826 wd-section-stretch e-flex e-con-boxed e-con e-parent\" data-id=\"0e49826\" data-element_type=\"container\" data-e-type=\"container\" data-settings=\"{&quot;background_background&quot;:&quot;classic&quot;}\">\n\t\t\t\t\t<div class=\"e-con-inner\">\n\t\t<div class=\"elementor-element elementor-element-997988d e-con-full e-flex e-con e-child\" data-id=\"997988d\" data-element_type=\"container\" data-e-type=\"container\">\n\t\t<div class=\"elementor-element elementor-element-ab5b5bc e-con-full e-flex e-con e-child\" data-id=\"ab5b5bc\" data-element_type=\"container\" data-e-type=\"container\">\n\t\t\t\t<div class=\"elementor-element elementor-element-e045927 heading elementor-widget-mobile__width-inherit elementor-widget elementor-widget-heading\" data-id=\"e045927\" data-element_type=\"widget\" data-e-type=\"widget\" data-widget_type=\"heading.default\">\n\t\t\t\t\t<h2 class=\"elementor-heading-title elementor-size-default\"><u>LoseBiG<\/u> Kapseln  <\/h2>\t\t\t\t<\/div>\n\t\t\t\t<div class=\"elementor-element elementor-element-8da1618 txt-no-col color-scheme-inherit text-left elementor-widget elementor-widget-text-editor\" data-id=\"8da1618\" data-element_type=\"widget\" data-e-type=\"widget\" data-widget_type=\"text-editor.default\">\n\t\t\t\t\t\t\t\t\t<p data-pm-slice=\"1 1 []\">LoseBiG-Kapseln werden ausschlie\u00dflich 30 Minuten vor einer Mahlzeit mit zwei Gl\u00e4sern Wasser eingenommen.<\/p><p>Es wird empfohlen, bei der folgenden Mahlzeit etwa die H\u00e4lfte der Nahrungsmenge im Vergleich zu fr\u00fcheren Gewohnheiten einzunehmen, da die Wirkung der Kapseln das S\u00e4ttigungsgef\u00fchl verst\u00e4rkt und das Bed\u00fcrfnis nach einer gr\u00f6\u00dferen Nahrungsaufnahme verringert.<\/p>\t\t\t\t\t\t\t\t<\/div>\n\t\t\t\t<\/div>\n\t\t<div class=\"elementor-element elementor-element-e6d2b73 e-con-full e-flex e-con e-child\" data-id=\"e6d2b73\" data-element_type=\"container\" data-e-type=\"container\">\n\t\t\t\t<div class=\"elementor-element elementor-element-e3d026e elementor-widget__width-initial elementor-widget-mobile__width-inherit elementor-widget elementor-widget-image\" data-id=\"e3d026e\" data-element_type=\"widget\" data-e-type=\"widget\" data-widget_type=\"image.default\">\n\t\t\t\t\t\t\t\t\t\t\t\t\t\t\t<img loading=\"lazy\" decoding=\"async\" width=\"1200\" height=\"1200\" src=\"https:\/\/staging.losebig.gr\/wp-content\/uploads\/2025\/01\/LoseBig-Products-Caps-01.jpg\" class=\"attachment-full size-full wp-image-29443\" alt=\"\" srcset=\"https:\/\/staging.losebig.gr\/wp-content\/uploads\/2025\/01\/LoseBig-Products-Caps-01.jpg 1200w, https:\/\/staging.losebig.gr\/wp-content\/uploads\/2025\/01\/LoseBig-Products-Caps-01-300x300.jpg 300w, https:\/\/staging.losebig.gr\/wp-content\/uploads\/2025\/01\/LoseBig-Products-Caps-01-800x800.jpg 800w, https:\/\/staging.losebig.gr\/wp-content\/uploads\/2025\/01\/LoseBig-Products-Caps-01-150x150.jpg 150w, https:\/\/staging.losebig.gr\/wp-content\/uploads\/2025\/01\/LoseBig-Products-Caps-01-768x768.jpg 768w, https:\/\/staging.losebig.gr\/wp-content\/uploads\/2025\/01\/LoseBig-Products-Caps-01-600x600.jpg 600w, https:\/\/staging.losebig.gr\/wp-content\/uploads\/2025\/01\/LoseBig-Products-Caps-01-250x250.jpg 250w\" sizes=\"auto, (max-width: 1200px) 100vw, 1200px\" \/>\t\t\t\t\t\t\t\t\t\t\t\t\t\t\t<\/div>\n\t\t\t\t<\/div>\n\t\t\t\t<\/div>\n\t\t<div class=\"elementor-element elementor-element-3716ad7 e-con-full e-flex e-con e-child\" data-id=\"3716ad7\" data-element_type=\"container\" data-e-type=\"container\">\n\t\t<div class=\"elementor-element elementor-element-a55126b e-con-full elementor-hidden-mobile e-flex e-con e-child\" data-id=\"a55126b\" data-element_type=\"container\" data-e-type=\"container\">\n\t\t\t\t<div class=\"elementor-element elementor-element-55a7ca4 elementor-widget__width-initial elementor-widget-mobile__width-inherit elementor-widget elementor-widget-image\" data-id=\"55a7ca4\" data-element_type=\"widget\" data-e-type=\"widget\" data-widget_type=\"image.default\">\n\t\t\t\t\t\t\t\t\t\t\t\t\t\t\t<img loading=\"lazy\" decoding=\"async\" width=\"1200\" height=\"1200\" src=\"https:\/\/staging.losebig.gr\/wp-content\/uploads\/2024\/11\/LoseBig-Products-Grapefruit-Flavour-02.jpg\" class=\"attachment-full size-full wp-image-29189\" alt=\"\" srcset=\"https:\/\/staging.losebig.gr\/wp-content\/uploads\/2024\/11\/LoseBig-Products-Grapefruit-Flavour-02.jpg 1200w, https:\/\/staging.losebig.gr\/wp-content\/uploads\/2024\/11\/LoseBig-Products-Grapefruit-Flavour-02-600x600.jpg 600w, https:\/\/staging.losebig.gr\/wp-content\/uploads\/2024\/11\/LoseBig-Products-Grapefruit-Flavour-02-250x250.jpg 250w, https:\/\/staging.losebig.gr\/wp-content\/uploads\/2024\/11\/LoseBig-Products-Grapefruit-Flavour-02-300x300.jpg 300w, https:\/\/staging.losebig.gr\/wp-content\/uploads\/2024\/11\/LoseBig-Products-Grapefruit-Flavour-02-800x800.jpg 800w, https:\/\/staging.losebig.gr\/wp-content\/uploads\/2024\/11\/LoseBig-Products-Grapefruit-Flavour-02-150x150.jpg 150w, https:\/\/staging.losebig.gr\/wp-content\/uploads\/2024\/11\/LoseBig-Products-Grapefruit-Flavour-02-768x768.jpg 768w\" sizes=\"auto, (max-width: 1200px) 100vw, 1200px\" \/>\t\t\t\t\t\t\t\t\t\t\t\t\t\t\t<\/div>\n\t\t\t\t<\/div>\n\t\t<div class=\"elementor-element elementor-element-108de37 e-con-full e-flex e-con e-child\" data-id=\"108de37\" data-element_type=\"container\" data-e-type=\"container\">\n\t\t\t\t<div class=\"elementor-element elementor-element-43a5533 heading elementor-widget-mobile__width-inherit elementor-widget elementor-widget-heading\" data-id=\"43a5533\" data-element_type=\"widget\" data-e-type=\"widget\" data-widget_type=\"heading.default\">\n\t\t\t\t\t<h2 class=\"elementor-heading-title elementor-size-default\"><u>LoseBiG<\/u> Spray<\/h2>\t\t\t\t<\/div>\n\t\t\t\t<div class=\"elementor-element elementor-element-8f496b4 txt-no-col color-scheme-inherit text-left elementor-widget elementor-widget-text-editor\" data-id=\"8f496b4\" data-element_type=\"widget\" data-e-type=\"widget\" data-widget_type=\"text-editor.default\">\n\t\t\t\t\t\t\t\t\t<p>Weil sein Aroma die physiologischen Rezeptoren stimuliert und ihnen das Gef\u00fchl gibt, durch kleinere Portionen befriedigt zu werden, stellt sich heraus, dass das Genuss- und Belohnungssystem in unserem Gehirn auch durch Geruch aktiviert wird.<\/p><p>Diese Aktivierung hilft, unsere Nahrungsaufnahme zu kontrollieren. Wenn wir ein bestimmtes Lebensmittel riechen, wird dieser Bereich des Gehirns aktiviert und teilt uns mit, dass wir ein bestimmtes Produkt bereits verzehrt haben oder kurz davor sind, es zu essen. Wenn es ausreichend aktiviert wurde, wird eine Nachricht gesendet, die uns mitteilt, dass wir aufh\u00f6ren m\u00fcssen, das ausl\u00f6sende Produkt zu essen.  <\/p><p><strong>Dieses Ph\u00e4nomen wird als &#8220;\u00e4sthetische S\u00e4ttigung&#8221; bezeichnet.<\/strong><\/p>\t\t\t\t\t\t\t\t<\/div>\n\t\t\t\t<\/div>\n\t\t<div class=\"elementor-element elementor-element-c33905d e-con-full elementor-hidden-desktop elementor-hidden-tablet elementor-hidden-mobile_extra e-flex e-con e-child\" data-id=\"c33905d\" data-element_type=\"container\" data-e-type=\"container\">\n\t\t\t\t<div class=\"elementor-element elementor-element-edf62f1 elementor-widget__width-initial elementor-widget-mobile__width-inherit elementor-widget elementor-widget-image\" data-id=\"edf62f1\" data-element_type=\"widget\" data-e-type=\"widget\" data-widget_type=\"image.default\">\n\t\t\t\t\t\t\t\t\t\t\t\t\t\t\t<img loading=\"lazy\" decoding=\"async\" width=\"1200\" height=\"1200\" src=\"https:\/\/staging.losebig.gr\/wp-content\/uploads\/2024\/11\/LoseBig-Products-Grapefruit-Flavour-02.jpg\" class=\"attachment-full size-full wp-image-29189\" alt=\"\" srcset=\"https:\/\/staging.losebig.gr\/wp-content\/uploads\/2024\/11\/LoseBig-Products-Grapefruit-Flavour-02.jpg 1200w, https:\/\/staging.losebig.gr\/wp-content\/uploads\/2024\/11\/LoseBig-Products-Grapefruit-Flavour-02-600x600.jpg 600w, https:\/\/staging.losebig.gr\/wp-content\/uploads\/2024\/11\/LoseBig-Products-Grapefruit-Flavour-02-250x250.jpg 250w, https:\/\/staging.losebig.gr\/wp-content\/uploads\/2024\/11\/LoseBig-Products-Grapefruit-Flavour-02-300x300.jpg 300w, https:\/\/staging.losebig.gr\/wp-content\/uploads\/2024\/11\/LoseBig-Products-Grapefruit-Flavour-02-800x800.jpg 800w, https:\/\/staging.losebig.gr\/wp-content\/uploads\/2024\/11\/LoseBig-Products-Grapefruit-Flavour-02-150x150.jpg 150w, https:\/\/staging.losebig.gr\/wp-content\/uploads\/2024\/11\/LoseBig-Products-Grapefruit-Flavour-02-768x768.jpg 768w\" sizes=\"auto, (max-width: 1200px) 100vw, 1200px\" \/>\t\t\t\t\t\t\t\t\t\t\t\t\t\t\t<\/div>\n\t\t\t\t<\/div>\n\t\t<div class=\"elementor-element elementor-element-f5a352d e-con-full e-flex e-con e-child\" data-id=\"f5a352d\" data-element_type=\"container\" data-e-type=\"container\">\n\t\t\t\t<div class=\"elementor-element elementor-element-8dfaa44 heading elementor-widget-mobile__width-inherit elementor-widget elementor-widget-heading\" data-id=\"8dfaa44\" data-element_type=\"widget\" data-e-type=\"widget\" data-widget_type=\"heading.default\">\n\t\t\t\t\t<h2 class=\"elementor-heading-title elementor-size-default\">Di\u00e4tetische <u>Richtlinien<\/u><\/h2>\t\t\t\t<\/div>\n\t\t\t\t<div class=\"elementor-element elementor-element-08225b2 txt-no-col color-scheme-inherit text-left elementor-widget elementor-widget-text-editor\" data-id=\"08225b2\" data-element_type=\"widget\" data-e-type=\"widget\" data-widget_type=\"text-editor.default\">\n\t\t\t\t\t\t\t\t\t<ul class=\"ProsemirrorEditor-list\" data-pm-slice=\"3 1 []\"><li class=\"ProsemirrorEditor-listItem\" data-list-indent=\"1\" data-list-type=\"bulleted\"><p>Es wird empfohlen, den Zucker allm\u00e4hlich zu reduzieren, sowohl im Kaffee als auch in der gesamten Ern\u00e4hrung, wobei die Verwendung von Stevia zu bevorzugen ist.<\/p><\/li><li class=\"ProsemirrorEditor-listItem\" data-list-indent=\"1\" data-list-type=\"bulleted\"><p>Der vollst\u00e4ndige Verzicht auf Alkohol, verarbeitete Kohlenhydrate und ges\u00e4ttigte Fette wird empfohlen.<\/p><\/li><\/ul><p>Die Ern\u00e4hrung sollte auf hochwertigen Proteinquellen basieren, wie zum Beispiel:<\/p><ul class=\"ProsemirrorEditor-list\"><li class=\"ProsemirrorEditor-listItem\" data-list-indent=\"1\" data-list-type=\"bulleted\"><p>H\u00e4hnchen (nicht paniert),<\/p><\/li><li class=\"ProsemirrorEditor-listItem\" data-list-indent=\"1\" data-list-type=\"bulleted\"><p>Fisch (Thunfisch und Lachs in Wasser),<\/p><\/li><li class=\"ProsemirrorEditor-listItem\" data-list-indent=\"1\" data-list-type=\"bulleted\"><p>mageres Schweinefleisch,<\/p><\/li><li class=\"ProsemirrorEditor-listItem\" data-list-indent=\"1\" data-list-type=\"bulleted\"><p>H\u00fcttenk\u00e4se,<\/p><\/li><li class=\"ProsemirrorEditor-listItem\" data-list-indent=\"1\" data-list-type=\"bulleted\"><p>ged\u00e4mpfte H\u00fclsenfr\u00fcchte.<\/p><\/li><\/ul><p>H\u00fclsenfr\u00fcchte k\u00f6nnen fertig zubereitet (in Superm\u00e4rkten erh\u00e4ltlich) oder selbst zubereitet sein. Es wird empfohlen, sie im K\u00fchlschrank aufzubewahren, damit sie ohne Verz\u00f6gerung zum vorgesehenen Zeitpunkt der Mahlzeit verzehrt werden k\u00f6nnen. Die Einhaltung eines konsistenten Mahlzeitenplans ist entscheidend f\u00fcr einen ausgeglichenen Stoffwechsel. <\/p><p>Es wird empfohlen, nur Salz zu verwenden, um den Elektrolytbedarf zu decken und optional eine kleine Menge Oliven\u00f6l, um gute Fette zu liefern.<\/p><p>Der t\u00e4gliche Verzehr von 1-2 Obst- und Gem\u00fcsesorten, ohne Dressing, erg\u00e4nzt den Di\u00e4tplan ideal.<\/p>\t\t\t\t\t\t\t\t<\/div>\n\t\t\t\t<\/div>\n\t\t<div class=\"elementor-element elementor-element-3e5ada7 e-con-full e-flex e-con e-child\" data-id=\"3e5ada7\" data-element_type=\"container\" data-e-type=\"container\">\n\t\t\t\t<div class=\"elementor-element elementor-element-03787b6 heading elementor-widget-mobile__width-inherit elementor-widget elementor-widget-heading\" data-id=\"03787b6\" data-element_type=\"widget\" data-e-type=\"widget\" data-widget_type=\"heading.default\">\n\t\t\t\t\t<h2 class=\"elementor-heading-title elementor-size-default\">Erwartete <u>Ergebnisse<\/u> &amp; Einhaltung<\/h2>\t\t\t\t<\/div>\n\t\t\t\t<div class=\"elementor-element elementor-element-452d5ef txt-no-col color-scheme-inherit text-left elementor-widget elementor-widget-text-editor\" data-id=\"452d5ef\" data-element_type=\"widget\" data-e-type=\"widget\" data-widget_type=\"text-editor.default\">\n\t\t\t\t\t\t\t\t\t<p data-pm-slice=\"1 1 []\">Mit dem oben beschriebenen Ansatz kann bereits im ersten Monat ein signifikanter Gewichtsverlust erzielt werden, da LoseBiG wesentlich dazu beitr\u00e4gt, Hunger und Hei\u00dfhunger zu reduzieren &#8211; die beiden Hauptursachen, die oft zum Aufgeben f\u00fchren.<\/p><p>Das wichtigste Element bleibt die Entscheidung und die Konsequenz. Wenn es ein klares Bekenntnis zum Ziel gibt, kommen die Ergebnisse. <\/p><p>Bei korrekter Anwendung der Produkte ist in der Regel eine Anwendungsdauer von etwa 2 Monaten erforderlich, nach der die neuen Essgewohnheiten ohne Unterst\u00fctzung beibehalten werden k\u00f6nnen.<\/p>\t\t\t\t\t\t\t\t<\/div>\n\t\t\t\t<\/div>\n\t\t\t\t<\/div>\n\t\t\t\t\t<\/div>\n\t\t\t\t<\/div>\n\t\t\t\t<\/div>\n\t\t","protected":false},"excerpt":{"rendered":"<p>LeitfadenErfolgsleitfaden Die Philosophie der Verwendung von LoseBiG basiert auf: die richtige Vorbereitung des K\u00f6rpers vor der Mahlzeit, und die Bew\u00e4ltigung<\/p>\n","protected":false},"author":330,"featured_media":0,"parent":0,"menu_order":1,"comment_status":"closed","ping_status":"closed","template":"","meta":{"footnotes":""},"class_list":["post-79927","page","type-page","status-publish","hentry"],"_links":{"self":[{"href":"https:\/\/staging.losebig.gr\/de\/wp-json\/wp\/v2\/pages\/79927","targetHints":{"allow":["GET"]}}],"collection":[{"href":"https:\/\/staging.losebig.gr\/de\/wp-json\/wp\/v2\/pages"}],"about":[{"href":"https:\/\/staging.losebig.gr\/de\/wp-json\/wp\/v2\/types\/page"}],"author":[{"embeddable":true,"href":"https:\/\/staging.losebig.gr\/de\/wp-json\/wp\/v2\/users\/330"}],"replies":[{"embeddable":true,"href":"https:\/\/staging.losebig.gr\/de\/wp-json\/wp\/v2\/comments?post=79927"}],"version-history":[{"count":3,"href":"https:\/\/staging.losebig.gr\/de\/wp-json\/wp\/v2\/pages\/79927\/revisions"}],"predecessor-version":[{"id":79938,"href":"https:\/\/staging.losebig.gr\/de\/wp-json\/wp\/v2\/pages\/79927\/revisions\/79938"}],"wp:attachment":[{"href":"https:\/\/staging.losebig.gr\/de\/wp-json\/wp\/v2\/media?parent=79927"}],"curies":[{"name":"wp","href":"https:\/\/api.w.org\/{rel}","templated":true}]}}