{"id":29393,"date":"2024-03-22T12:33:03","date_gmt":"2024-03-22T10:33:03","guid":{"rendered":"https:\/\/losebig.gr\/losebig-spray-umfragen\/"},"modified":"2025-11-12T14:15:00","modified_gmt":"2025-11-12T12:15:00","slug":"losebig-spray-umfragen","status":"publish","type":"page","link":"https:\/\/staging.losebig.gr\/de\/losebig-spray-umfragen\/","title":{"rendered":"LOSEBiG Spray Umfragen"},"content":{"rendered":"\t\t<div data-elementor-type=\"wp-page\" data-elementor-id=\"29393\" class=\"elementor elementor-29393 elementor-23\" data-elementor-post-type=\"page\">\n\t\t\t\t<div class=\"wd-negative-gap elementor-element elementor-element-b94dbbb e-flex e-con-boxed e-con e-parent\" data-id=\"b94dbbb\" data-element_type=\"container\" data-e-type=\"container\">\n\t\t\t\t\t<div class=\"e-con-inner\">\n\t\t\t\t<div class=\"elementor-element elementor-element-338c5a0 heading elementor-widget__width-initial elementor-widget-mobile__width-inherit elementor-widget elementor-widget-heading\" data-id=\"338c5a0\" data-element_type=\"widget\" data-e-type=\"widget\" data-widget_type=\"heading.default\">\n\t\t\t\t\t<h1 class=\"elementor-heading-title elementor-size-default\"><br>RESEARCH LOSEBiG<u>SPRAY<\/u><\/h1>\t\t\t\t<\/div>\n\t\t<div class=\"elementor-element elementor-element-2527149 e-con-full e-flex e-con e-child\" data-id=\"2527149\" data-element_type=\"container\" data-e-type=\"container\">\n\t\t\t\t<div class=\"elementor-element elementor-element-4370b87 elementor-widget__width-inherit elementor-widget-mobile__width-inherit color-scheme-inherit text-left elementor-widget elementor-widget-text-editor\" data-id=\"4370b87\" data-element_type=\"widget\" data-e-type=\"widget\" data-widget_type=\"text-editor.default\">\n\t\t\t\t\t\t\t\t\t<div id=\"message-list_1762947293.675299\" class=\"c-virtual_list__item\" tabindex=\"0\" role=\"listitem\" aria-setsize=\"-1\" data-qa=\"virtual-list-item\" data-item-key=\"1762947293.675299\"><div class=\"c-message_kit__background c-message_kit__background--hovered p-message_pane_message__message c-message_kit__message\" role=\"presentation\" data-qa=\"message_container\" data-qa-unprocessed=\"false\" data-qa-placeholder=\"false\"><div class=\"c-message_kit__hover c-message_kit__hover--hovered\" role=\"document\" aria-roledescription=\"message\" data-qa-hover=\"true\"><div class=\"c-message_kit__actions c-message_kit__actions--default\"><div class=\"c-message_kit__gutter\"><div class=\"c-message_kit__gutter__right\" role=\"presentation\" data-qa=\"message_content\"><div class=\"c-message_kit__blocks c-message_kit__blocks--rich_text\"><div class=\"c-message__message_blocks c-message__message_blocks--rich_text\" data-qa=\"message-text\"><div class=\"p-block_kit_renderer\" data-qa=\"block-kit-renderer\"><div class=\"p-block_kit_renderer__block_wrapper p-block_kit_renderer__block_wrapper--first\"><div class=\"p-rich_text_block\" dir=\"auto\"><div class=\"p-rich_text_section\">Die Forschungen zur Anwendung, Sicherheit und Wirksamkeit seiner Inhaltsstoffe sind sehr zahlreich und wurden in ma\u00dfgeblichen Fachzeitschriften ver\u00f6ffentlicht. 2024 wurde in Griechenland von der HELLENIC DIATROPHOLOGICAL AGENCY &#8211; EL.D.E. unter der Leitung von Dr. Dimitris Grigorakis eine gro\u00dfe klinische Studie mit LOSEBiG SPAY abgeschlossen, die beeindruckende Ergebnisse lieferte.<\/div><\/div><\/div><\/div><\/div><\/div><\/div><\/div><\/div><\/div><\/div><\/div>\t\t\t\t\t\t\t\t<\/div>\n\t\t\t\t<div class=\"elementor-element elementor-element-24dc13c elementor-mobile-align-left elementor-widget__width-inherit elementor-align-left elementor-widget elementor-widget-button\" data-id=\"24dc13c\" data-element_type=\"widget\" data-e-type=\"widget\" data-widget_type=\"button.default\">\n\t\t\t\t\t\t\t\t\t\t<a class=\"elementor-button elementor-button-link elementor-size-sm\" href=\"https:\/\/staging.losebig.gr\/wp-content\/uploads\/2025\/08\/LOSEBIG-Article-Text-.pdf\" target=\"_blank\">\n\t\t\t\t\t\t<span class=\"elementor-button-content-wrapper\">\n\t\t\t\t\t\t<span class=\"elementor-button-icon\">\n\t\t\t\t<svg aria-hidden=\"true\" class=\"e-font-icon-svg e-fas-arrow-right\" viewBox=\"0 0 448 512\" xmlns=\"http:\/\/www.w3.org\/2000\/svg\"><path d=\"M190.5 66.9l22.2-22.2c9.4-9.4 24.6-9.4 33.9 0L441 239c9.4 9.4 9.4 24.6 0 33.9L246.6 467.3c-9.4 9.4-24.6 9.4-33.9 0l-22.2-22.2c-9.5-9.5-9.3-25 .4-34.3L311.4 296H24c-13.3 0-24-10.7-24-24v-32c0-13.3 10.7-24 24-24h287.4L190.9 101.2c-9.8-9.3-10-24.8-.4-34.3z\"><\/path><\/svg>\t\t\t<\/span>\n\t\t\t\t\t\t\t\t\t<span class=\"elementor-button-text\">Losebig Datenanalyse<\/span>\n\t\t\t\t\t<\/span>\n\t\t\t\t\t<\/a>\n\t\t\t\t\t\t\t\t<\/div>\n\t\t\t\t<\/div>\n\t\t\t\t\t<\/div>\n\t\t\t\t<\/div>\n\t\t<div class=\"wd-negative-gap elementor-element elementor-element-cfe4f89 wd-section-stretch e-flex e-con-boxed e-con e-parent\" data-id=\"cfe4f89\" data-element_type=\"container\" data-e-type=\"container\" data-settings=\"{&quot;background_background&quot;:&quot;classic&quot;}\">\n\t\t\t\t\t<div class=\"e-con-inner\">\n\t\t\t\t<div class=\"elementor-element elementor-element-4b78dc9 heading elementor-widget elementor-widget-heading\" data-id=\"4b78dc9\" data-element_type=\"widget\" data-e-type=\"widget\" data-widget_type=\"heading.default\">\n\t\t\t\t\t<h2 class=\"elementor-heading-title elementor-size-default\">100% <u>NAT\u00dcRLICH<\/u> &amp; <u>WIRKSAM<\/u><\/h2>\t\t\t\t<\/div>\n\t\t\t\t<div class=\"elementor-element elementor-element-a770864 text-center color-scheme-inherit elementor-widget elementor-widget-text-editor\" data-id=\"a770864\" data-element_type=\"widget\" data-e-type=\"widget\" data-widget_type=\"text-editor.default\">\n\t\t\t\t\t\t\t\t\t<p>K\u00f6nnen die Geschmacksrichtungen von LOSEBiG SPRAY zur Gewichtsabnahme beitragen?<\/p>\t\t\t\t\t\t\t\t<\/div>\n\t\t<div class=\"elementor-element elementor-element-cb74e9e e-con-full e-flex e-con e-child\" data-id=\"cb74e9e\" data-element_type=\"container\" data-e-type=\"container\">\n\t\t<div class=\"elementor-element elementor-element-5c65d65 e-con-full e-flex e-con e-child\" data-id=\"5c65d65\" data-element_type=\"container\" data-e-type=\"container\">\n\t\t\t\t<div class=\"elementor-element elementor-element-92a8264 heading elementor-widget-mobile__width-inherit elementor-widget elementor-widget-heading\" data-id=\"92a8264\" data-element_type=\"widget\" data-e-type=\"widget\" data-widget_type=\"heading.default\">\n\t\t\t\t\t<h2 class=\"elementor-heading-title elementor-size-default\">\u00c4STHETISCHE <u>S\u00c4TTIGUNG<\/u><\/h2>\t\t\t\t<\/div>\n\t\t\t\t<div class=\"elementor-element elementor-element-677abed txt-no-col color-scheme-inherit text-left elementor-widget elementor-widget-text-editor\" data-id=\"677abed\" data-element_type=\"widget\" data-e-type=\"widget\" data-widget_type=\"text-editor.default\">\n\t\t\t\t\t\t\t\t\t<p>Es gibt Studien, die untersuchen, wie sich Aromen auf die Gewichtsabnahme auswirken k\u00f6nnen. So kann der Verzehr von bitteren Lebensmitteln wie Kaffee oder bitterem Gem\u00fcse dazu beitragen, den Appetit zu reduzieren und den Stoffwechsel zu steigern. Auch der Geschmack von Umami, der in Lebensmitteln wie Fleisch, Pilzen und K\u00e4se vorkommt, kann das S\u00e4ttigungsgef\u00fchl verst\u00e4rken und so helfen, die Kalorienaufnahme zu kontrollieren.  <\/p><p>Einige Studien haben gezeigt, dass Aromen, wie z.B. der Geruch von Pfefferminze oder Vanille, das Hungergef\u00fchl reduzieren und bei der Gewichtsabnahme helfen k\u00f6nnen. D\u00fcfte l\u00f6sen Speichelfluss aus, der wiederum die Aussch\u00fcttung von Insulin aus der Bauchspeicheldr\u00fcse und den Fluss von Verdauungss\u00e4ften bewirkt. <\/p>\t\t\t\t\t\t\t\t<\/div>\n\t\t\t\t<\/div>\n\t\t\t\t<div class=\"elementor-element elementor-element-f09d458 elementor-widget__width-initial elementor-widget-mobile__width-inherit elementor-widget elementor-widget-image\" data-id=\"f09d458\" data-element_type=\"widget\" data-e-type=\"widget\" data-widget_type=\"image.default\">\n\t\t\t\t\t\t\t\t\t\t\t\t\t\t\t<img loading=\"lazy\" decoding=\"async\" width=\"845\" height=\"660\" src=\"https:\/\/staging.losebig.gr\/wp-content\/uploads\/2024\/12\/About-Image-01.jpg\" class=\"attachment-full size-full wp-image-29383\" alt=\"\" srcset=\"https:\/\/staging.losebig.gr\/wp-content\/uploads\/2024\/12\/About-Image-01.jpg 845w, https:\/\/staging.losebig.gr\/wp-content\/uploads\/2024\/12\/About-Image-01-600x469.jpg 600w, https:\/\/staging.losebig.gr\/wp-content\/uploads\/2024\/12\/About-Image-01-250x195.jpg 250w, https:\/\/staging.losebig.gr\/wp-content\/uploads\/2024\/12\/About-Image-01-384x300.jpg 384w, https:\/\/staging.losebig.gr\/wp-content\/uploads\/2024\/12\/About-Image-01-768x600.jpg 768w\" sizes=\"auto, (max-width: 845px) 100vw, 845px\" \/>\t\t\t\t\t\t\t\t\t\t\t\t\t\t\t<\/div>\n\t\t\t\t<div class=\"elementor-element elementor-element-f9732e2 elementor-widget__width-initial elementor-widget-mobile__width-inherit elementor-widget elementor-widget-image\" data-id=\"f9732e2\" data-element_type=\"widget\" data-e-type=\"widget\" data-widget_type=\"image.default\">\n\t\t\t\t\t\t\t\t\t\t\t\t\t\t\t<img loading=\"lazy\" decoding=\"async\" width=\"845\" height=\"660\" src=\"https:\/\/staging.losebig.gr\/wp-content\/uploads\/2024\/12\/About-Image-02.jpg\" class=\"attachment-full size-full wp-image-29384\" alt=\"\" srcset=\"https:\/\/staging.losebig.gr\/wp-content\/uploads\/2024\/12\/About-Image-02.jpg 845w, https:\/\/staging.losebig.gr\/wp-content\/uploads\/2024\/12\/About-Image-02-600x469.jpg 600w, https:\/\/staging.losebig.gr\/wp-content\/uploads\/2024\/12\/About-Image-02-250x195.jpg 250w, https:\/\/staging.losebig.gr\/wp-content\/uploads\/2024\/12\/About-Image-02-384x300.jpg 384w, https:\/\/staging.losebig.gr\/wp-content\/uploads\/2024\/12\/About-Image-02-768x600.jpg 768w\" sizes=\"auto, (max-width: 845px) 100vw, 845px\" \/>\t\t\t\t\t\t\t\t\t\t\t\t\t\t\t<\/div>\n\t\t<div class=\"elementor-element elementor-element-47cfb6f e-con-full e-flex e-con e-child\" data-id=\"47cfb6f\" data-element_type=\"container\" data-e-type=\"container\">\n\t\t\t\t<div class=\"elementor-element elementor-element-5fa00ec txt-no-col color-scheme-inherit text-left elementor-widget elementor-widget-text-editor\" data-id=\"5fa00ec\" data-element_type=\"widget\" data-e-type=\"widget\" data-widget_type=\"text-editor.default\">\n\t\t\t\t\t\t\t\t\t<p>Es hat sich herausgestellt, dass das Genuss- und Belohnungssystem in unserem Gehirn auch durch Ger\u00fcche aktiviert wird. Diese Aktivierung hilft, unsere Nahrungsaufnahme zu kontrollieren. Wenn wir ein bestimmtes Lebensmittel riechen, wird dieser Bereich des Gehirns aktiviert und l\u00e4sst uns wissen, dass wir ein bestimmtes Produkt bereits verzehrt haben oder verzehren werden.  <\/p><p>Wenn es genug ausgel\u00f6st wurde, wird eine Nachricht gesendet, um uns mitzuteilen, dass wir aufh\u00f6ren m\u00fcssen, das zu essen, was es ausgel\u00f6st hat. Dieses Ph\u00e4nomen wird als &#8220;sensorische S\u00e4ttigung&#8221; bezeichnet. <\/p><p>Es ist wichtig zu beachten, dass eine ausgewogene Ern\u00e4hrung und regelm\u00e4\u00dfige Bewegung die wichtigsten Faktoren f\u00fcr eine Gewichtsabnahme sind. Aromen k\u00f6nnen eine unterst\u00fctzende Rolle spielen, aber sie sind kein Ersatz f\u00fcr die Grundprinzipien einer gesunden Ern\u00e4hrung und k\u00f6rperlicher Bewegung. <\/p><p><strong>Quellen:<\/strong><\/p><ul><li><a href=\"https:\/\/www.health.harvard.edu\/diet-and-weight-loss\/calories-burned-in-30-minutes-of-leisure-and-routine-activities\" target=\"_blank\" rel=\"noopener\">https:\/\/www.health.harvard.edu\/diet-and-weight-loss\/calories-burned-in-30-minutes-of-leisure-and-routine-activities<\/a><\/li><li><a href=\"https:\/\/www.ncbi.nlm.nih.gov\/pubmed\/25566464\" target=\"_blank\" rel=\"noopener\">https:\/\/www.ncbi.nlm.nih.gov\/pubmed\/25566464<\/a><\/li><\/ul>\t\t\t\t\t\t\t\t<\/div>\n\t\t\t\t<\/div>\n\t\t\t\t<\/div>\n\t\t\t\t\t<\/div>\n\t\t\t\t<\/div>\n\t\t<div class=\"wd-negative-gap elementor-element elementor-element-865a9a0 wd-section-stretch e-flex e-con-boxed e-con e-parent\" data-id=\"865a9a0\" data-element_type=\"container\" data-e-type=\"container\">\n\t\t\t\t\t<div class=\"e-con-inner\">\n\t\t\t\t<div class=\"elementor-element elementor-element-b389f79 heading elementor-widget-mobile__width-inherit elementor-widget elementor-widget-heading\" data-id=\"b389f79\" data-element_type=\"widget\" data-e-type=\"widget\" data-widget_type=\"heading.default\">\n\t\t\t\t\t<h2 class=\"elementor-heading-title elementor-size-default\">ABNEHMEN DURCH <u>GESCHMACK<\/u><\/h2>\t\t\t\t<\/div>\n\t\t\t\t<div class=\"elementor-element elementor-element-421c290 text-center color-scheme-inherit elementor-widget elementor-widget-text-editor\" data-id=\"421c290\" data-element_type=\"widget\" data-e-type=\"widget\" data-widget_type=\"text-editor.default\">\n\t\t\t\t\t\t\t\t\t<p>Grapefruit, Minze, Banane und gr\u00fcner Apfel sind einige der idealen Geschmacksrichtungen, die von Wissenschaftlern vorgeschlagen werden.<\/p>\t\t\t\t\t\t\t\t<\/div>\n\t\t<div class=\"elementor-element elementor-element-4113848 e-con-full e-flex e-con e-child\" data-id=\"4113848\" data-element_type=\"container\" data-e-type=\"container\">\n\t\t<div class=\"elementor-element elementor-element-7ceed53 e-con-full e-flex e-con e-child\" data-id=\"7ceed53\" data-element_type=\"container\" data-e-type=\"container\">\n\t\t\t\t<div class=\"elementor-element elementor-element-5611090 heading elementor-widget-mobile__width-inherit elementor-widget elementor-widget-heading\" data-id=\"5611090\" data-element_type=\"widget\" data-e-type=\"widget\" data-widget_type=\"heading.default\">\n\t\t\t\t\t<h2 class=\"elementor-heading-title elementor-size-default\">ANDERE <u>FORSCHUNG<\/u><\/h2>\t\t\t\t<\/div>\n\t\t\t\t<div class=\"elementor-element elementor-element-fb81924 txt-no-col color-scheme-inherit text-left elementor-widget elementor-widget-text-editor\" data-id=\"fb81924\" data-element_type=\"widget\" data-e-type=\"widget\" data-widget_type=\"text-editor.default\">\n\t\t\t\t\t\t\t\t\t<p>Eine \u00e4hnliche Studie, die am Human Neuro-Sensory Laboratory in Washington, D.C., durchgef\u00fchrt wurde, ergab, dass 80 \u00fcbergewichtige Menschen, die motiviert waren, Gewicht zu verlieren, \u00fcber vier Monate hinweg 19 Pfund abnahmen, wenn sie spezielle Parf\u00fcms einatmeten. Die Kontrollgruppe, die Placebod\u00fcfte inhalierte, nahm im Durchschnitt vier Pfund ab. <\/p><p>Es ist nicht klar, was dies tats\u00e4chlich bedeutet, aber die Forscher spekulieren, dass ein st\u00e4rkerer Geruchssinn bei schwereren Menschen eine aktivere Rolle beim Ausl\u00f6sen der Nahrungsaufnahme spielen k\u00f6nnte.<\/p><p><strong>Mit LOSEBiG SPRAY und seiner einzigartigen Zusammensetzung in Kombination mit Chrom und Flieder h\u00f6ren wir auf zu zwicken!<\/strong><\/p>\t\t\t\t\t\t\t\t<\/div>\n\t\t\t\t<\/div>\n\t\t\t\t<div class=\"elementor-element elementor-element-dbbcb61 elementor-widget__width-initial elementor-widget-mobile__width-inherit elementor-widget elementor-widget-image\" data-id=\"dbbcb61\" data-element_type=\"widget\" data-e-type=\"widget\" data-widget_type=\"image.default\">\n\t\t\t\t\t\t\t\t\t\t\t\t\t\t\t<img loading=\"lazy\" decoding=\"async\" width=\"845\" height=\"660\" src=\"https:\/\/staging.losebig.gr\/wp-content\/uploads\/2024\/12\/About-Image-05.jpg\" class=\"attachment-full size-full wp-image-29395\" alt=\"\" srcset=\"https:\/\/staging.losebig.gr\/wp-content\/uploads\/2024\/12\/About-Image-05.jpg 845w, https:\/\/staging.losebig.gr\/wp-content\/uploads\/2024\/12\/About-Image-05-600x469.jpg 600w, https:\/\/staging.losebig.gr\/wp-content\/uploads\/2024\/12\/About-Image-05-250x195.jpg 250w, https:\/\/staging.losebig.gr\/wp-content\/uploads\/2024\/12\/About-Image-05-384x300.jpg 384w, https:\/\/staging.losebig.gr\/wp-content\/uploads\/2024\/12\/About-Image-05-768x600.jpg 768w\" sizes=\"auto, (max-width: 845px) 100vw, 845px\" \/>\t\t\t\t\t\t\t\t\t\t\t\t\t\t\t<\/div>\n\t\t\t\t<div class=\"elementor-element elementor-element-007d699 elementor-widget__width-initial elementor-widget-mobile__width-inherit elementor-widget elementor-widget-image\" data-id=\"007d699\" data-element_type=\"widget\" data-e-type=\"widget\" data-widget_type=\"image.default\">\n\t\t\t\t\t\t\t\t\t\t\t\t\t\t\t<img loading=\"lazy\" decoding=\"async\" width=\"845\" height=\"660\" src=\"https:\/\/staging.losebig.gr\/wp-content\/uploads\/2024\/12\/About-Image-03.jpg\" class=\"attachment-full size-full wp-image-29385\" alt=\"\" srcset=\"https:\/\/staging.losebig.gr\/wp-content\/uploads\/2024\/12\/About-Image-03.jpg 845w, https:\/\/staging.losebig.gr\/wp-content\/uploads\/2024\/12\/About-Image-03-600x469.jpg 600w, https:\/\/staging.losebig.gr\/wp-content\/uploads\/2024\/12\/About-Image-03-250x195.jpg 250w, https:\/\/staging.losebig.gr\/wp-content\/uploads\/2024\/12\/About-Image-03-384x300.jpg 384w, https:\/\/staging.losebig.gr\/wp-content\/uploads\/2024\/12\/About-Image-03-768x600.jpg 768w\" sizes=\"auto, (max-width: 845px) 100vw, 845px\" \/>\t\t\t\t\t\t\t\t\t\t\t\t\t\t\t<\/div>\n\t\t<div class=\"elementor-element elementor-element-165fdbc e-con-full e-flex e-con e-child\" data-id=\"165fdbc\" data-element_type=\"container\" data-e-type=\"container\">\n\t\t\t\t<div class=\"elementor-element elementor-element-77c8345 heading elementor-widget-mobile__width-inherit elementor-widget elementor-widget-heading\" data-id=\"77c8345\" data-element_type=\"widget\" data-e-type=\"widget\" data-widget_type=\"heading.default\">\n\t\t\t\t\t<h2 class=\"elementor-heading-title elementor-size-default\">  ARMUT &amp; <u>GEWICHTSVERLUST<\/u><\/h2>\t\t\t\t<\/div>\n\t\t\t\t<div class=\"elementor-element elementor-element-eaf59f9 txt-no-col color-scheme-inherit text-left elementor-widget elementor-widget-text-editor\" data-id=\"eaf59f9\" data-element_type=\"widget\" data-e-type=\"widget\" data-widget_type=\"text-editor.default\">\n\t\t\t\t\t\t\t\t\t<p>Im Jahr 2019 ver\u00f6ffentlichte das Journal of Marketing Research eine Studie, in der Lebensmittelhersteller eine Cafeteria und mehrere Superm\u00e4rkte mit dem Geruch von etwas K\u00f6stlichem f\u00fcllten (einige dufteten nach Pizza, einige nach Keksen, einige nach frischem Brot). Der Gedanke dahinter war, dass sie ihre Kunden dazu bringen wollten, MEHR von diesen Produkten zu kaufen, damit sie sich nach dem sehnen, was sie aus den Sch\u00e4chten pumpen. Doch genau das Gegenteil war der Fall. Das f\u00fchrte dazu, dass die Menschen ges\u00fcndere Produkte als sonst kauften.   <\/p><p>Der Trick scheint die Zeit zu sein, die sie dem Geruch ausgesetzt waren. Bei Versuchspersonen, die dem Geruch l\u00e4nger als zwei Minuten ausgesetzt waren, nahm das Verlangen, das gerochene Produkt zu konsumieren, ab. Und je l\u00e4nger sie dem Geruch ausgesetzt waren, desto l\u00e4nger mussten sie den Gedanken an den Verzehr des Produkts und die damit verbundenen Konsequenzen verarbeiten. Im Wesentlichen bedeutet dies, dass die Exposition gegen\u00fcber bestimmten Lebensmittelaromen dazu f\u00fchren kann, dass wir uns von diesem bestimmten Lebensmittel abwenden!   <\/p>\t\t\t\t\t\t\t\t<\/div>\n\t\t\t\t<\/div>\n\t\t<div class=\"elementor-element elementor-element-db0c4d3 e-con-full e-flex e-con e-child\" data-id=\"db0c4d3\" data-element_type=\"container\" data-e-type=\"container\">\n\t\t\t\t<div class=\"elementor-element elementor-element-32577df txt-no-col color-scheme-inherit text-left elementor-widget elementor-widget-text-editor\" data-id=\"32577df\" data-element_type=\"widget\" data-e-type=\"widget\" data-widget_type=\"text-editor.default\">\n\t\t\t\t\t\t\t\t\t<p>In anderen Studien versuchten Wissenschaftler, die Intensit\u00e4t des Geruchs eines bestimmten Lebensmittels zu erh\u00f6hen, um zu sehen, was passieren w\u00fcrde, und die Menschen nahmen tats\u00e4chlich kleinere Bissen von diesem Essen! Wenn der Duft st\u00e4rker war, stopften sich die Menschen mit weniger voll. In einer anderen Studie lie\u00dfen die Wissenschaftler Dinner-G\u00e4ste Nasenstreifen tragen, die ihre Nasenh\u00f6hlen erweiterten, so dass mehr Ger\u00fcche herauskamen als st\u00e4rkere &#8211; oder sie gaben den Dinner-G\u00e4sten einen Placebo-Streifen, der nichts an ihrer normalen Nasenh\u00f6hle ver\u00e4nderte. Die Personen, die die Nasenstreifen trugen, nahmen 61% weniger Nahrung zu sich als diejenigen, die den Placebostreifen trugen.   <\/p><p>Es gibt andere Studien, in denen der Geruchssinn von Menschen mit ihrem BMI verglichen wurde, und Menschen mit einem besseren Geruchssinn hatten auch durchweg einen niedrigeren BMI (Body Mass Index). Nun&#8230; das k\u00f6nnte auf die Genetik zur\u00fcckzuf\u00fchren sein, aber auch auf diesen sensorischen S\u00e4ttigungsfaktor. Die Ursache wurde nicht ermittelt&#8230; es wurde lediglich ein Zusammenhang zwischen den beiden gefunden.  <\/p>\t\t\t\t\t\t\t\t<\/div>\n\t\t\t\t<\/div>\n\t\t\t\t<div class=\"elementor-element elementor-element-46f063d elementor-widget__width-initial elementor-widget-mobile__width-inherit elementor-widget-tablet__width-inherit elementor-widget elementor-widget-image\" data-id=\"46f063d\" data-element_type=\"widget\" data-e-type=\"widget\" data-widget_type=\"image.default\">\n\t\t\t\t\t\t\t\t\t\t\t\t\t\t\t<img loading=\"lazy\" decoding=\"async\" width=\"845\" height=\"660\" src=\"https:\/\/staging.losebig.gr\/wp-content\/uploads\/2024\/12\/About-Image-04.jpg\" class=\"attachment-full size-full wp-image-29394\" alt=\"\" srcset=\"https:\/\/staging.losebig.gr\/wp-content\/uploads\/2024\/12\/About-Image-04.jpg 845w, https:\/\/staging.losebig.gr\/wp-content\/uploads\/2024\/12\/About-Image-04-600x469.jpg 600w, https:\/\/staging.losebig.gr\/wp-content\/uploads\/2024\/12\/About-Image-04-250x195.jpg 250w, https:\/\/staging.losebig.gr\/wp-content\/uploads\/2024\/12\/About-Image-04-384x300.jpg 384w, https:\/\/staging.losebig.gr\/wp-content\/uploads\/2024\/12\/About-Image-04-768x600.jpg 768w\" sizes=\"auto, (max-width: 845px) 100vw, 845px\" \/>\t\t\t\t\t\t\t\t\t\t\t\t\t\t\t<\/div>\n\t\t\t\t<\/div>\n\t\t\t\t\t<\/div>\n\t\t\t\t<\/div>\n\t\t\t\t<\/div>\n\t\t","protected":false},"excerpt":{"rendered":"<p>RESEARCH LOSEBiGSPRAY Die Forschungen zur Anwendung, Sicherheit und Wirksamkeit seiner Inhaltsstoffe sind sehr zahlreich und wurden in ma\u00dfgeblichen Fachzeitschriften ver\u00f6ffentlicht.<\/p>\n","protected":false},"author":5,"featured_media":0,"parent":0,"menu_order":3,"comment_status":"closed","ping_status":"closed","template":"","meta":{"footnotes":""},"class_list":["post-29393","page","type-page","status-publish","hentry"],"_links":{"self":[{"href":"https:\/\/staging.losebig.gr\/de\/wp-json\/wp\/v2\/pages\/29393","targetHints":{"allow":["GET"]}}],"collection":[{"href":"https:\/\/staging.losebig.gr\/de\/wp-json\/wp\/v2\/pages"}],"about":[{"href":"https:\/\/staging.losebig.gr\/de\/wp-json\/wp\/v2\/types\/page"}],"author":[{"embeddable":true,"href":"https:\/\/staging.losebig.gr\/de\/wp-json\/wp\/v2\/users\/5"}],"replies":[{"embeddable":true,"href":"https:\/\/staging.losebig.gr\/de\/wp-json\/wp\/v2\/comments?post=29393"}],"version-history":[{"count":7,"href":"https:\/\/staging.losebig.gr\/de\/wp-json\/wp\/v2\/pages\/29393\/revisions"}],"predecessor-version":[{"id":69944,"href":"https:\/\/staging.losebig.gr\/de\/wp-json\/wp\/v2\/pages\/29393\/revisions\/69944"}],"wp:attachment":[{"href":"https:\/\/staging.losebig.gr\/de\/wp-json\/wp\/v2\/media?parent=29393"}],"curies":[{"name":"wp","href":"https:\/\/api.w.org\/{rel}","templated":true}]}}