{"id":29380,"date":"2024-11-14T09:18:45","date_gmt":"2024-11-14T07:18:45","guid":{"rendered":"https:\/\/losebig.gr\/rueckgabepolitik\/"},"modified":"2025-09-12T16:16:59","modified_gmt":"2025-09-12T13:16:59","slug":"rueckgabepolitik","status":"publish","type":"page","link":"https:\/\/staging.losebig.gr\/de\/rueckgabepolitik\/","title":{"rendered":"R\u00fcckgabepolitik"},"content":{"rendered":"<p>Im Falle eines bei Erhalt festgestellten Produktfehlers verpflichten wir uns zum sofortigen Ersatz ohne zus\u00e4tzliche finanzielle Belastung f\u00fcr den Kunden, sobald wir per E-Mail (info@genarchcorp.com) benachrichtigt werden.<\/p>\n<p>Im Falle eines nicht defekten Produkts k\u00f6nnen Sie es zur\u00fcckgeben, wenn:<\/p>\n<p><strong>a)<\/strong> das Datum des Eingangs Ihrer Bestellung, wobei das Datum der Einreichung des R\u00fcckgabeantrags 14 Kalendertage nicht \u00fcberschreiten darf,<\/p>\n<p><strong>(b) <\/strong>die Verpackung wurde nicht manipuliert und befindet sich in ihrem urspr\u00fcnglichen Zustand.<\/p>\n<p>Die Versand- und R\u00fccksendekosten sowie die Bank\u00fcberweisungskosten in H\u00f6he von 1,40 \u20ac f\u00fcr die R\u00fccksendung des Geldes auf das Bankkonto des Kunden sind vom Kunden zu tragen.<\/p>\n<p>Damit die R\u00fccksendung akzeptiert werden kann, muss dem Produkt in jedem Fall die Quittung der Bestellung beiliegen.<\/p>\n","protected":false},"excerpt":{"rendered":"<p>Im Falle eines bei Erhalt festgestellten Produktfehlers verpflichten wir uns zum sofortigen Ersatz ohne zus\u00e4tzliche finanzielle Belastung f\u00fcr den Kunden,<\/p>\n","protected":false},"author":5,"featured_media":0,"parent":0,"menu_order":10,"comment_status":"closed","ping_status":"closed","template":"","meta":{"footnotes":""},"class_list":["post-29380","page","type-page","status-publish","hentry"],"_links":{"self":[{"href":"https:\/\/staging.losebig.gr\/de\/wp-json\/wp\/v2\/pages\/29380","targetHints":{"allow":["GET"]}}],"collection":[{"href":"https:\/\/staging.losebig.gr\/de\/wp-json\/wp\/v2\/pages"}],"about":[{"href":"https:\/\/staging.losebig.gr\/de\/wp-json\/wp\/v2\/types\/page"}],"author":[{"embeddable":true,"href":"https:\/\/staging.losebig.gr\/de\/wp-json\/wp\/v2\/users\/5"}],"replies":[{"embeddable":true,"href":"https:\/\/staging.losebig.gr\/de\/wp-json\/wp\/v2\/comments?post=29380"}],"version-history":[{"count":2,"href":"https:\/\/staging.losebig.gr\/de\/wp-json\/wp\/v2\/pages\/29380\/revisions"}],"predecessor-version":[{"id":67732,"href":"https:\/\/staging.losebig.gr\/de\/wp-json\/wp\/v2\/pages\/29380\/revisions\/67732"}],"wp:attachment":[{"href":"https:\/\/staging.losebig.gr\/de\/wp-json\/wp\/v2\/media?parent=29380"}],"curies":[{"name":"wp","href":"https:\/\/api.w.org\/{rel}","templated":true}]}}