{"id":29242,"date":"2024-12-05T17:47:35","date_gmt":"2024-12-05T15:47:35","guid":{"rendered":"https:\/\/losebig.gr\/gruene-aepfel-gruene-aepfel-bananen\/"},"modified":"2025-02-13T11:24:13","modified_gmt":"2025-02-13T09:24:13","slug":"gruene-aepfel-gruene-aepfel-bananen","status":"publish","type":"page","link":"https:\/\/staging.losebig.gr\/de\/gruene-aepfel-gruene-aepfel-bananen\/","title":{"rendered":"Gr\u00fcne \u00c4pfel &amp; Gr\u00fcne \u00c4pfel Bananen"},"content":{"rendered":"\t\t<div data-elementor-type=\"wp-page\" data-elementor-id=\"29242\" class=\"elementor elementor-29242 elementor-17007\" data-elementor-post-type=\"page\">\n\t\t\t\t<div class=\"wd-negative-gap elementor-element elementor-element-b94dbbb e-flex e-con-boxed e-con e-parent\" data-id=\"b94dbbb\" data-element_type=\"container\" data-e-type=\"container\">\n\t\t\t\t\t<div class=\"e-con-inner\">\n\t\t\t\t<div class=\"elementor-element elementor-element-338c5a0 heading elementor-widget__width-initial elementor-widget-mobile__width-inherit elementor-widget elementor-widget-heading\" data-id=\"338c5a0\" data-element_type=\"widget\" data-e-type=\"widget\" data-widget_type=\"heading.default\">\n\t\t\t\t\t<h1 class=\"elementor-heading-title elementor-size-default\"><br><br>FORSCHUNG<u>F\u00dcR GR\u00dcNE \u00c4PFEL<\/u> &amp;<u>BANANEN<\/u><\/h1>\t\t\t\t<\/div>\n\t\t\t\t<div class=\"elementor-element elementor-element-4370b87 elementor-widget__width-initial elementor-widget-mobile__width-inherit color-scheme-inherit text-left elementor-widget elementor-widget-text-editor\" data-id=\"4370b87\" data-element_type=\"widget\" data-e-type=\"widget\" data-widget_type=\"text-editor.default\">\n\t\t\t\t\t\t\t\t\t<p>Das Aroma von gr\u00fcnen \u00c4pfeln und Bananen kann ein angenehmer und effektiver Verb\u00fcndeter bei den Bem\u00fchungen um eine Gewichtsabnahme sein. Mit ihren erfrischenden und fruchtigen Noten k\u00f6nnen diese D\u00fcfte dazu beitragen, den Appetit zu z\u00fcgeln und den Stoffwechsel anzukurbeln &#8211; ein nat\u00fcrlicher Impuls auf Ihrem Weg zu einem gesunden Gewichtsmanagement. <\/p>\n\t\t\t\t\t\t\t\t<\/div>\n\t\t\t\t\t<\/div>\n\t\t\t\t<\/div>\n\t\t<div class=\"wd-negative-gap elementor-element elementor-element-1a13986 wd-section-stretch e-flex e-con-boxed e-con e-parent\" data-id=\"1a13986\" data-element_type=\"container\" data-e-type=\"container\" data-settings=\"{&quot;background_background&quot;:&quot;classic&quot;}\">\n\t\t\t\t\t<div class=\"e-con-inner\">\n\t\t\t\t<div class=\"elementor-element elementor-element-57e5231 heading elementor-widget elementor-widget-heading\" data-id=\"57e5231\" data-element_type=\"widget\" data-e-type=\"widget\" data-widget_type=\"heading.default\">\n\t\t\t\t\t<h2 class=\"elementor-heading-title elementor-size-default\"> <u>GR\u00dcNE M\u00dcNDE<\/u> &amp; <u>BANANANEN<\/u><\/h2>\t\t\t\t<\/div>\n\t\t\t\t<div class=\"elementor-element elementor-element-b9e7282 text-center color-scheme-inherit elementor-widget elementor-widget-text-editor\" data-id=\"b9e7282\" data-element_type=\"widget\" data-e-type=\"widget\" data-widget_type=\"text-editor.default\">\n\t\t\t\t\t\t\t\t\t<p>Verst\u00e4rken Sie die k\u00f6rperliche Anstrengung zur Gewichtsabnahme!<\/p>\n\t\t\t\t\t\t\t\t<\/div>\n\t\t<div class=\"elementor-element elementor-element-eff2117 e-con-full e-flex e-con e-child\" data-id=\"eff2117\" data-element_type=\"container\" data-e-type=\"container\">\n\t\t<div class=\"elementor-element elementor-element-621e337 e-con-full e-flex e-con e-child\" data-id=\"621e337\" data-element_type=\"container\" data-e-type=\"container\">\n\t\t\t\t<div class=\"elementor-element elementor-element-39d086d heading elementor-widget-mobile__width-inherit elementor-widget elementor-widget-heading\" data-id=\"39d086d\" data-element_type=\"widget\" data-e-type=\"widget\" data-widget_type=\"heading.default\">\n\t\t\t\t\t<h2 class=\"elementor-heading-title elementor-size-default\">WIE <u>SIE ARBEITEN<\/u><\/h2>\t\t\t\t<\/div>\n\t\t\t\t<div class=\"elementor-element elementor-element-6c81b2f txt-no-col color-scheme-inherit text-left elementor-widget elementor-widget-text-editor\" data-id=\"6c81b2f\" data-element_type=\"widget\" data-e-type=\"widget\" data-widget_type=\"text-editor.default\">\n\t\t\t\t\t\t\t\t\t<p>Eine von der Smell and Taste Treatment and Research Foundation durchgef\u00fchrte Studie ergab, dass \u00fcbergewichtige Menschen, die an gr\u00fcnen \u00c4pfeln und Bananen rochen, wenn sie Hunger versp\u00fcrten, mehr Gewicht verloren als diejenigen, die dies nicht taten.*<\/p>\n<p>Das olfaktorische System, das f\u00fcr die Wahrnehmung von Ger\u00fcchen verantwortlich ist, ist eng mit den Lust- und Belohnungszentren des Gehirns verbunden. Wenn wir etwas Angenehmes riechen, kann es Dopamin freisetzen &#8211; ein Hormon, das uns ein Gef\u00fchl gibt -, w\u00e4hrend unangenehme Ger\u00fcche eine gegenteilige Reaktion ausl\u00f6sen und uns \u00e4ngstlich oder abgeschaltet f\u00fchlen lassen k\u00f6nnen. <\/p>\n<p><em style=\"font-size: 0.9rem;\">*1995 ver\u00f6ffentlichte Dr. Alan R. Hirsch von der Smell and Taste Research Foundation in Chicago eine Studie \u00fcber die so genannte Dufttherapie und Gewichtsabnahme. Er bat 3.193 \u00fcbergewichtige Freiwillige, \u00fcber einen Zeitraum von sechs Monaten verschiedene s\u00fc\u00dfe D\u00fcfte dreimal in jedes Nasenloch zu inhalieren, wenn sie sich hungrig f\u00fchlten. Das Ergebnis: Je \u00f6fter die Teilnehmer die Duftinhalatoren benutzten, desto mehr Pfunde verloren sie. Diejenigen, die beim Geruchstest gut abschnitten &#8211; sie a\u00dfen zwei bis vier Mahlzeiten pro Tag und hatten ein schlechtes Gewissen, wenn sie zu viel a\u00dfen &#8211; verloren fast f\u00fcnf Pfund pro Monat. Diejenigen, die beim Geruchstest schlecht abschnitten &#8211; und dazu neigten, mehr als f\u00fcnf Mal am Tag zu naschen -, nahmen nicht ab.    <\/em><\/p>\n\t\t\t\t\t\t\t\t<\/div>\n\t\t\t\t<\/div>\n\t\t\t\t<div class=\"elementor-element elementor-element-cbd9eef elementor-widget__width-initial elementor-widget-mobile__width-inherit elementor-widget elementor-widget-image\" data-id=\"cbd9eef\" data-element_type=\"widget\" data-e-type=\"widget\" data-widget_type=\"image.default\">\n\t\t\t\t\t\t\t\t\t\t\t\t\t\t\t<img loading=\"lazy\" decoding=\"async\" width=\"845\" height=\"660\" src=\"https:\/\/staging.losebig.gr\/wp-content\/uploads\/2024\/12\/Studies-Apples-Bananas-01.jpg\" class=\"attachment-full size-full wp-image-29246\" alt=\"\" srcset=\"https:\/\/staging.losebig.gr\/wp-content\/uploads\/2024\/12\/Studies-Apples-Bananas-01.jpg 845w, https:\/\/staging.losebig.gr\/wp-content\/uploads\/2024\/12\/Studies-Apples-Bananas-01-600x469.jpg 600w, https:\/\/staging.losebig.gr\/wp-content\/uploads\/2024\/12\/Studies-Apples-Bananas-01-250x195.jpg 250w, https:\/\/staging.losebig.gr\/wp-content\/uploads\/2024\/12\/Studies-Apples-Bananas-01-384x300.jpg 384w, https:\/\/staging.losebig.gr\/wp-content\/uploads\/2024\/12\/Studies-Apples-Bananas-01-768x600.jpg 768w\" sizes=\"auto, (max-width: 845px) 100vw, 845px\" \/>\t\t\t\t\t\t\t\t\t\t\t\t\t\t\t<\/div>\n\t\t\t\t<div class=\"elementor-element elementor-element-b16e166 elementor-widget__width-initial elementor-widget-mobile__width-inherit elementor-widget elementor-widget-image\" data-id=\"b16e166\" data-element_type=\"widget\" data-e-type=\"widget\" data-widget_type=\"image.default\">\n\t\t\t\t\t\t\t\t\t\t\t\t\t\t\t<img loading=\"lazy\" decoding=\"async\" width=\"845\" height=\"660\" src=\"https:\/\/staging.losebig.gr\/wp-content\/uploads\/2024\/12\/Studies-Chromium-02.jpg\" class=\"attachment-full size-full wp-image-29289\" alt=\"\" srcset=\"https:\/\/staging.losebig.gr\/wp-content\/uploads\/2024\/12\/Studies-Chromium-02.jpg 845w, https:\/\/staging.losebig.gr\/wp-content\/uploads\/2024\/12\/Studies-Chromium-02-600x469.jpg 600w, https:\/\/staging.losebig.gr\/wp-content\/uploads\/2024\/12\/Studies-Chromium-02-250x195.jpg 250w, https:\/\/staging.losebig.gr\/wp-content\/uploads\/2024\/12\/Studies-Chromium-02-384x300.jpg 384w, https:\/\/staging.losebig.gr\/wp-content\/uploads\/2024\/12\/Studies-Chromium-02-768x600.jpg 768w\" sizes=\"auto, (max-width: 845px) 100vw, 845px\" \/>\t\t\t\t\t\t\t\t\t\t\t\t\t\t\t<\/div>\n\t\t<div class=\"elementor-element elementor-element-6307b23 e-con-full e-flex e-con e-child\" data-id=\"6307b23\" data-element_type=\"container\" data-e-type=\"container\">\n\t\t\t\t<div class=\"elementor-element elementor-element-6b93374 heading elementor-widget-mobile__width-inherit elementor-widget elementor-widget-heading\" data-id=\"6b93374\" data-element_type=\"widget\" data-e-type=\"widget\" data-widget_type=\"heading.default\">\n\t\t\t\t\t<h2 class=\"elementor-heading-title elementor-size-default\">WIE SIE MIT DER <u>GEWICHTSABNAHME<\/u> ZUSAMMENH\u00c4NGEN<\/h2>\t\t\t\t<\/div>\n\t\t\t\t<div class=\"elementor-element elementor-element-f3693fb txt-no-col color-scheme-inherit text-left elementor-widget elementor-widget-text-editor\" data-id=\"f3693fb\" data-element_type=\"widget\" data-e-type=\"widget\" data-widget_type=\"text-editor.default\">\n\t\t\t\t\t\t\t\t\t<p>Studien haben gezeigt, dass allein der Geruch von Lebensmitteln unseren Appetit und unser Verlangen nach Nahrung deutlich verringern kann. Eine solche Studie, die im Journal of Neurological and Orthopedic Medicine and Surgery ver\u00f6ffentlicht wurde, zeigte, dass fettleibige Patienten, die vor den Mahlzeiten an gr\u00fcnen \u00c4pfeln rochen, mehr Gewicht verloren als diejenigen, die dies nicht taten. Dies ist darauf zur\u00fcckzuf\u00fchren, dass der Duft physiologische Rezeptoren stimuliert und sie sich mit kleineren Portionen zufrieden f\u00fchlen. <\/p>\n<p>Studien der franz\u00f6sischen Universit\u00e4t Bourgogne Franche-Comte haben gezeigt, dass Teilnehmer, die vor jeder Mahlzeit 30 Sekunden lang Bananenduft einatmeten, ihren Kalorienverbrauch um durchschnittlich 200 Kalorien reduzierten. Die Forscher stellten die Hypothese auf, dass der Geruch von Bananenduft unseren Verstand in die Irre f\u00fchren kann, so dass wir glauben, wir h\u00e4tten bereits mehr Nahrung zu uns genommen, als tats\u00e4chlich der Fall ist. <\/p>\n<p>\u00c4pfel oder Bananen werden Sie nicht auf magische Weise abnehmen lassen, wenn Sie st\u00e4ndig mehr Kalorien essen als Sie verbrennen. Das Riechen an \u00c4pfeln oder Bananen kann ein wirksames Mittel in Ihrem Arsenal zum Abnehmen sein. <\/p>\n\t\t\t\t\t\t\t\t<\/div>\n\t\t\t\t<\/div>\n\t\t\t\t<\/div>\n\t\t\t\t\t<\/div>\n\t\t\t\t<\/div>\n\t\t\t\t<\/div>\n\t\t","protected":false},"excerpt":{"rendered":"<p>FORSCHUNGF\u00dcR GR\u00dcNE \u00c4PFEL &amp;BANANEN Das Aroma von gr\u00fcnen \u00c4pfeln und Bananen kann ein angenehmer und effektiver Verb\u00fcndeter bei den Bem\u00fchungen<\/p>\n","protected":false},"author":5,"featured_media":0,"parent":0,"menu_order":3,"comment_status":"closed","ping_status":"closed","template":"","meta":{"footnotes":""},"class_list":["post-29242","page","type-page","status-publish","hentry"],"_links":{"self":[{"href":"https:\/\/staging.losebig.gr\/de\/wp-json\/wp\/v2\/pages\/29242","targetHints":{"allow":["GET"]}}],"collection":[{"href":"https:\/\/staging.losebig.gr\/de\/wp-json\/wp\/v2\/pages"}],"about":[{"href":"https:\/\/staging.losebig.gr\/de\/wp-json\/wp\/v2\/types\/page"}],"author":[{"embeddable":true,"href":"https:\/\/staging.losebig.gr\/de\/wp-json\/wp\/v2\/users\/5"}],"replies":[{"embeddable":true,"href":"https:\/\/staging.losebig.gr\/de\/wp-json\/wp\/v2\/comments?post=29242"}],"version-history":[{"count":2,"href":"https:\/\/staging.losebig.gr\/de\/wp-json\/wp\/v2\/pages\/29242\/revisions"}],"predecessor-version":[{"id":29250,"href":"https:\/\/staging.losebig.gr\/de\/wp-json\/wp\/v2\/pages\/29242\/revisions\/29250"}],"wp:attachment":[{"href":"https:\/\/staging.losebig.gr\/de\/wp-json\/wp\/v2\/media?parent=29242"}],"curies":[{"name":"wp","href":"https:\/\/api.w.org\/{rel}","templated":true}]}}