{"id":29158,"date":"2025-01-07T12:06:08","date_gmt":"2025-01-07T10:06:08","guid":{"rendered":"https:\/\/losebig.gr\/auberginen-extrakt\/"},"modified":"2025-02-13T11:22:22","modified_gmt":"2025-02-13T09:22:22","slug":"auberginen-extrakt","status":"publish","type":"page","link":"https:\/\/staging.losebig.gr\/de\/auberginen-extrakt\/","title":{"rendered":"Auberginen-Extrakt"},"content":{"rendered":"\t\t<div data-elementor-type=\"wp-page\" data-elementor-id=\"29158\" class=\"elementor elementor-29158 elementor-19855\" data-elementor-post-type=\"page\">\n\t\t\t\t<div class=\"wd-negative-gap elementor-element elementor-element-b94dbbb e-flex e-con-boxed e-con e-parent\" data-id=\"b94dbbb\" data-element_type=\"container\" data-e-type=\"container\">\n\t\t\t\t\t<div class=\"e-con-inner\">\n\t\t\t\t<div class=\"elementor-element elementor-element-338c5a0 heading elementor-widget__width-initial elementor-widget-mobile__width-inherit elementor-widget elementor-widget-heading\" data-id=\"338c5a0\" data-element_type=\"widget\" data-e-type=\"widget\" data-widget_type=\"heading.default\">\n\t\t\t\t\t<h1 class=\"elementor-heading-title elementor-size-default\"><br>FORSCHUNG \u00dcBER<u>AUBERGINEN-EXTRAKT<\/u><\/h1>\t\t\t\t<\/div>\n\t\t\t\t<div class=\"elementor-element elementor-element-4370b87 elementor-widget__width-initial elementor-widget-mobile__width-inherit color-scheme-inherit text-left elementor-widget elementor-widget-text-editor\" data-id=\"4370b87\" data-element_type=\"widget\" data-e-type=\"widget\" data-widget_type=\"text-editor.default\">\n\t\t\t\t\t\t\t\t\t<p>Die Aubergine (violette Aubergine) ist ein zeitloser Gesundheitsverb\u00fcndeter mit Antioxidantien wie Chlorogens\u00e4ure und Polyphenolen, die das Blutzuckermanagement verbessern und die Zellen vor Sch\u00e4den sch\u00fctzen. Sie hilft, oxidativen Stress zu reduzieren und die Gesundheit des Stoffwechsels zu unterst\u00fctzen. <\/p>\n\t\t\t\t\t\t\t\t<\/div>\n\t\t\t\t\t<\/div>\n\t\t\t\t<\/div>\n\t\t<div class=\"wd-negative-gap elementor-element elementor-element-21131f8 wd-section-stretch e-flex e-con-boxed e-con e-parent\" data-id=\"21131f8\" data-element_type=\"container\" data-e-type=\"container\" data-settings=\"{&quot;background_background&quot;:&quot;classic&quot;}\">\n\t\t\t\t\t<div class=\"e-con-inner\">\n\t\t\t\t<div class=\"elementor-element elementor-element-dcf3fa0 heading elementor-widget elementor-widget-heading\" data-id=\"dcf3fa0\" data-element_type=\"widget\" data-e-type=\"widget\" data-widget_type=\"heading.default\">\n\t\t\t\t\t<h2 class=\"elementor-heading-title elementor-size-default\"><u>Auberginen-Extrakt<\/u><\/h2>\t\t\t\t<\/div>\n\t\t\t\t<div class=\"elementor-element elementor-element-c04a699 text-center color-scheme-inherit elementor-widget elementor-widget-text-editor\" data-id=\"c04a699\" data-element_type=\"widget\" data-e-type=\"widget\" data-widget_type=\"text-editor.default\">\n\t\t\t\t\t\t\t\t\t<p>Der wirksame Auberginen-Extrakt in der Zusammensetzung von LOSEBIG, gegen Fettleibigkeit!<\/p>\n\t\t\t\t\t\t\t\t<\/div>\n\t\t<div class=\"elementor-element elementor-element-e2f9682 e-con-full e-flex e-con e-child\" data-id=\"e2f9682\" data-element_type=\"container\" data-e-type=\"container\">\n\t\t<div class=\"elementor-element elementor-element-6e202c3 e-con-full e-flex e-con e-child\" data-id=\"6e202c3\" data-element_type=\"container\" data-e-type=\"container\">\n\t\t\t\t<div class=\"elementor-element elementor-element-589e907 txt-no-col color-scheme-inherit text-left elementor-widget elementor-widget-text-editor\" data-id=\"589e907\" data-element_type=\"widget\" data-e-type=\"widget\" data-widget_type=\"text-editor.default\">\n\t\t\t\t\t\t\t\t\t<p>Der Auberginenextrakt in Loosebig (violette Aubergine) ist eine ausgezeichnete Quelle f\u00fcr Chlorogens\u00e4ure, einem sekund\u00e4ren Pflanzenstoff, der nachweislich gegen Fettleibigkeit wirkt, w\u00e4hrend seine anderen sekund\u00e4ren Pflanzenstoffe dazu beitragen k\u00f6nnen, den Serotoninspiegel zu erh\u00f6hen und das Verlangen des K\u00f6rpers zu reduzieren. Gleichzeitig werden Anthocyane, die Polyphenole, die ihnen ihre violette Farbe verleihen, als Mikron\u00e4hrstoffe eingestuft, die den Blutzuckerspiegel im Gleichgewicht halten, was zu einer Linderung von Essanf\u00e4llen f\u00fchrt. <\/p>\n<p><strong>Quellen<\/strong><\/p>\n<ul>\n<li><a href=\"https:\/\/www.webmd.com\/food-recipes\/eggplant-health-benefits\" target=\"_blank\" rel=\"noopener\">https:\/\/www.webmd.com\/food-recipes\/eggplant-health-benefits<\/a><\/li>\n<li><a href=\"https:\/\/www.healthline.com\/nutrition\/eggplant-%CE%BF%CF%86%CE%AD%CE%BB%CE%B7\" target=\"_blank\" rel=\"noopener\">https:\/\/www.healthline.com\/nutrition\/eggplant-\u03bf\u03c6\u03ad\u03bb\u03b7<\/a><\/li>\n<li><a href=\"https:\/\/draxe.com\/nutrition\/eggplant-nutrition\/\" target=\"_blank\" rel=\"noopener\">https:\/\/draxe.com\/nutrition\/eggplant-nutrition\/<\/a><\/li>\n<\/ul>\n\t\t\t\t\t\t\t\t<\/div>\n\t\t\t\t<\/div>\n\t\t\t\t<div class=\"elementor-element elementor-element-064a253 elementor-widget__width-initial elementor-widget-mobile__width-inherit elementor-widget-tablet__width-inherit elementor-widget elementor-widget-image\" data-id=\"064a253\" data-element_type=\"widget\" data-e-type=\"widget\" data-widget_type=\"image.default\">\n\t\t\t\t\t\t\t\t\t\t\t\t\t\t\t<img loading=\"lazy\" decoding=\"async\" width=\"845\" height=\"660\" src=\"https:\/\/staging.losebig.gr\/wp-content\/uploads\/2025\/01\/Studies-Eggplant-01.jpg\" class=\"attachment-full size-full wp-image-29217\" alt=\"\" srcset=\"https:\/\/staging.losebig.gr\/wp-content\/uploads\/2025\/01\/Studies-Eggplant-01.jpg 845w, https:\/\/staging.losebig.gr\/wp-content\/uploads\/2025\/01\/Studies-Eggplant-01-384x300.jpg 384w, https:\/\/staging.losebig.gr\/wp-content\/uploads\/2025\/01\/Studies-Eggplant-01-768x600.jpg 768w, https:\/\/staging.losebig.gr\/wp-content\/uploads\/2025\/01\/Studies-Eggplant-01-600x469.jpg 600w, https:\/\/staging.losebig.gr\/wp-content\/uploads\/2025\/01\/Studies-Eggplant-01-250x195.jpg 250w\" sizes=\"auto, (max-width: 845px) 100vw, 845px\" \/>\t\t\t\t\t\t\t\t\t\t\t\t\t\t\t<\/div>\n\t\t\t\t<\/div>\n\t\t\t\t\t<\/div>\n\t\t\t\t<\/div>\n\t\t\t\t<\/div>\n\t\t","protected":false},"excerpt":{"rendered":"<p>FORSCHUNG \u00dcBERAUBERGINEN-EXTRAKT Die Aubergine (violette Aubergine) ist ein zeitloser Gesundheitsverb\u00fcndeter mit Antioxidantien wie Chlorogens\u00e4ure und Polyphenolen, die das Blutzuckermanagement verbessern<\/p>\n","protected":false},"author":5,"featured_media":0,"parent":0,"menu_order":3,"comment_status":"closed","ping_status":"closed","template":"","meta":{"footnotes":""},"class_list":["post-29158","page","type-page","status-publish","hentry"],"_links":{"self":[{"href":"https:\/\/staging.losebig.gr\/de\/wp-json\/wp\/v2\/pages\/29158","targetHints":{"allow":["GET"]}}],"collection":[{"href":"https:\/\/staging.losebig.gr\/de\/wp-json\/wp\/v2\/pages"}],"about":[{"href":"https:\/\/staging.losebig.gr\/de\/wp-json\/wp\/v2\/types\/page"}],"author":[{"embeddable":true,"href":"https:\/\/staging.losebig.gr\/de\/wp-json\/wp\/v2\/users\/5"}],"replies":[{"embeddable":true,"href":"https:\/\/staging.losebig.gr\/de\/wp-json\/wp\/v2\/comments?post=29158"}],"version-history":[{"count":2,"href":"https:\/\/staging.losebig.gr\/de\/wp-json\/wp\/v2\/pages\/29158\/revisions"}],"predecessor-version":[{"id":29165,"href":"https:\/\/staging.losebig.gr\/de\/wp-json\/wp\/v2\/pages\/29158\/revisions\/29165"}],"wp:attachment":[{"href":"https:\/\/staging.losebig.gr\/de\/wp-json\/wp\/v2\/media?parent=29158"}],"curies":[{"name":"wp","href":"https:\/\/api.w.org\/{rel}","templated":true}]}}