{"id":29151,"date":"2025-01-02T22:01:33","date_gmt":"2025-01-02T20:01:33","guid":{"rendered":"https:\/\/losebig.gr\/berberin\/"},"modified":"2025-02-13T11:22:22","modified_gmt":"2025-02-13T09:22:22","slug":"berberin","status":"publish","type":"page","link":"https:\/\/staging.losebig.gr\/de\/berberin\/","title":{"rendered":"Berberin"},"content":{"rendered":"\t\t<div data-elementor-type=\"wp-page\" data-elementor-id=\"29151\" class=\"elementor elementor-29151 elementor-19158\" data-elementor-post-type=\"page\">\n\t\t\t\t<div class=\"wd-negative-gap elementor-element elementor-element-b94dbbb e-flex e-con-boxed e-con e-parent\" data-id=\"b94dbbb\" data-element_type=\"container\" data-e-type=\"container\">\n\t\t\t\t\t<div class=\"e-con-inner\">\n\t\t\t\t<div class=\"elementor-element elementor-element-338c5a0 heading elementor-widget__width-initial elementor-widget-mobile__width-inherit elementor-widget elementor-widget-heading\" data-id=\"338c5a0\" data-element_type=\"widget\" data-e-type=\"widget\" data-widget_type=\"heading.default\">\n\t\t\t\t\t<h1 class=\"elementor-heading-title elementor-size-default\"><br>FORSCHUNG<u>F\u00dcR BERBERIN<\/u><\/h1>\t\t\t\t<\/div>\n\t\t\t\t<div class=\"elementor-element elementor-element-4370b87 elementor-widget__width-initial elementor-widget-mobile__width-inherit color-scheme-inherit text-left elementor-widget elementor-widget-text-editor\" data-id=\"4370b87\" data-element_type=\"widget\" data-e-type=\"widget\" data-widget_type=\"text-editor.default\">\n\t\t\t\t\t\t\t\t\t<p>Berberin ist eine Substanz, die in einer Vielzahl von Pflanzen vorkommt, darunter Goldwurzel, Berberitze, Oregon-Traube und andere. Berberin wird derzeit auf seine Auswirkungen auf Diabetes und Risikofaktoren f\u00fcr Herzkrankheiten untersucht. In letzter Zeit ist es auch als potenzielles Mittel zur Gewichtsabnahme bekannt geworden.  <\/p>\n\t\t\t\t\t\t\t\t<\/div>\n\t\t\t\t\t<\/div>\n\t\t\t\t<\/div>\n\t\t<div class=\"wd-negative-gap elementor-element elementor-element-20ed9f5 wd-section-stretch e-flex e-con-boxed e-con e-parent\" data-id=\"20ed9f5\" data-element_type=\"container\" data-e-type=\"container\" data-settings=\"{&quot;background_background&quot;:&quot;classic&quot;}\">\n\t\t\t\t\t<div class=\"e-con-inner\">\n\t\t\t\t<div class=\"elementor-element elementor-element-cc203d9 heading elementor-widget elementor-widget-heading\" data-id=\"cc203d9\" data-element_type=\"widget\" data-e-type=\"widget\" data-widget_type=\"heading.default\">\n\t\t\t\t\t<h2 class=\"elementor-heading-title elementor-size-default\">Die Beziehung von <u>Berberin<\/u> zum Abnehmen  <\/h2>\t\t\t\t<\/div>\n\t\t\t\t<div class=\"elementor-element elementor-element-5233459 text-center color-scheme-inherit elementor-widget elementor-widget-text-editor\" data-id=\"5233459\" data-element_type=\"widget\" data-e-type=\"widget\" data-widget_type=\"text-editor.default\">\n\t\t\t\t\t\t\t\t\t<p>Ein einzigartiges und wirksames Patent!<\/p>\n\t\t\t\t\t\t\t\t<\/div>\n\t\t<div class=\"elementor-element elementor-element-5a38a9a e-con-full e-flex e-con e-child\" data-id=\"5a38a9a\" data-element_type=\"container\" data-e-type=\"container\">\n\t\t<div class=\"elementor-element elementor-element-59046fb e-con-full e-flex e-con e-child\" data-id=\"59046fb\" data-element_type=\"container\" data-e-type=\"container\">\n\t\t\t\t<div class=\"elementor-element elementor-element-e66500e txt-no-col color-scheme-inherit text-left elementor-widget elementor-widget-text-editor\" data-id=\"e66500e\" data-element_type=\"widget\" data-e-type=\"widget\" data-widget_type=\"text-editor.default\">\n\t\t\t\t\t\t\t\t\t<p>Alle aktuellen wissenschaftlichen Daten konzentrieren sich auf den Schutz, den Berberin dank seiner Wirkung auf den Glukosespiegel und die Insulinresistenz, aber auch durch die Verbesserung der Blutfette vor kardiometabolischen Erkrankungen bietet. Studien best\u00e4tigen seine Wirkung bei der Pr\u00e4vention und Behandlung von Fettleibigkeit. <\/p>\n<ul>\n<li>Stimuliert den Stoffwechsel,<\/li>\n<li>Erleichtert die Kontrolle des K\u00f6rpergewichts,<\/li>\n<li>Verbessert die K\u00f6rperzusammensetzung.<\/li>\n<\/ul>\n<p>Dies wird nat\u00fcrlich durch verschiedene Wirkmechanismen von Berberin unterst\u00fctzt, wie die Hemmung der Lipogenese und Gluconeogenese, die F\u00f6rderung der Thermogenese und die Steigerung des Energieverbrauchs des Fettgewebes.<\/p>\n\t\t\t\t\t\t\t\t<\/div>\n\t\t\t\t<\/div>\n\t\t\t\t<div class=\"elementor-element elementor-element-dda2b6c elementor-widget__width-initial elementor-widget-mobile__width-inherit elementor-widget-tablet__width-inherit elementor-widget elementor-widget-image\" data-id=\"dda2b6c\" data-element_type=\"widget\" data-e-type=\"widget\" data-widget_type=\"image.default\">\n\t\t\t\t\t\t\t\t\t\t\t\t\t\t\t<img loading=\"lazy\" decoding=\"async\" width=\"845\" height=\"660\" src=\"https:\/\/staging.losebig.gr\/wp-content\/uploads\/2025\/01\/Studies-Barberry-01.jpg\" class=\"attachment-full size-full wp-image-29218\" alt=\"\" srcset=\"https:\/\/staging.losebig.gr\/wp-content\/uploads\/2025\/01\/Studies-Barberry-01.jpg 845w, https:\/\/staging.losebig.gr\/wp-content\/uploads\/2025\/01\/Studies-Barberry-01-384x300.jpg 384w, https:\/\/staging.losebig.gr\/wp-content\/uploads\/2025\/01\/Studies-Barberry-01-768x600.jpg 768w, https:\/\/staging.losebig.gr\/wp-content\/uploads\/2025\/01\/Studies-Barberry-01-600x469.jpg 600w, https:\/\/staging.losebig.gr\/wp-content\/uploads\/2025\/01\/Studies-Barberry-01-250x195.jpg 250w\" sizes=\"auto, (max-width: 845px) 100vw, 845px\" \/>\t\t\t\t\t\t\t\t\t\t\t\t\t\t\t<\/div>\n\t\t\t\t<div class=\"elementor-element elementor-element-ea3ae03 elementor-widget__width-initial elementor-widget-mobile__width-inherit elementor-widget-tablet__width-inherit elementor-widget elementor-widget-image\" data-id=\"ea3ae03\" data-element_type=\"widget\" data-e-type=\"widget\" data-widget_type=\"image.default\">\n\t\t\t\t\t\t\t\t\t\t\t\t\t\t\t<img loading=\"lazy\" decoding=\"async\" width=\"845\" height=\"660\" src=\"https:\/\/staging.losebig.gr\/wp-content\/uploads\/2025\/01\/Studies-Barberry-02.jpg\" class=\"attachment-full size-full wp-image-29219\" alt=\"\" srcset=\"https:\/\/staging.losebig.gr\/wp-content\/uploads\/2025\/01\/Studies-Barberry-02.jpg 845w, https:\/\/staging.losebig.gr\/wp-content\/uploads\/2025\/01\/Studies-Barberry-02-384x300.jpg 384w, https:\/\/staging.losebig.gr\/wp-content\/uploads\/2025\/01\/Studies-Barberry-02-768x600.jpg 768w, https:\/\/staging.losebig.gr\/wp-content\/uploads\/2025\/01\/Studies-Barberry-02-600x469.jpg 600w, https:\/\/staging.losebig.gr\/wp-content\/uploads\/2025\/01\/Studies-Barberry-02-250x195.jpg 250w\" sizes=\"auto, (max-width: 845px) 100vw, 845px\" \/>\t\t\t\t\t\t\t\t\t\t\t\t\t\t\t<\/div>\n\t\t<div class=\"elementor-element elementor-element-45a91ff e-con-full e-flex e-con e-child\" data-id=\"45a91ff\" data-element_type=\"container\" data-e-type=\"container\">\n\t\t\t\t<div class=\"elementor-element elementor-element-f51741a txt-no-col color-scheme-inherit text-left elementor-widget elementor-widget-text-editor\" data-id=\"f51741a\" data-element_type=\"widget\" data-e-type=\"widget\" data-widget_type=\"text-editor.default\">\n\t\t\t\t\t\t\t\t\t<p><strong>Quellen<\/strong><\/p>\n<ul>\n<li><a href=\"https:\/\/onlinelibrary.wiley.com\/\" target=\"_blank\" rel=\"noopener\">Phytotherapy Research, 2023, Berberin und Gesundheitsergebnisse: eine \u00dcbersichtsarbeit<\/a><\/li>\n<li><a href=\"https:\/\/www.mdpi.com\/\" target=\"_blank\" rel=\"noopener\">Molek\u00fcle, 2022, Berberin, ein pflanzlicher Metabolit beim Metabolischen Syndrom: Risikofaktoren, Verlauf und Folgen der Krankheit<\/a><\/li>\n<li><a href=\"https:\/\/www.worldscientific.com\/\" target=\"_blank\" rel=\"noopener\">The American Journal of Chinese Medicine, 2021, Berberine on the Prevention and Management of Cardiometabolic Disease: Clinical Applications and Mechanisms of Action<\/a><\/li>\n<li><a href=\"https:\/\/www.sciencedirect.com\/\" target=\"_blank\" rel=\"noopener\">Biomedicine &amp; Pharmacotherapy, 2020, Die Wirkung von Berberin auf die Gewichtsabnahme zur Vorbeugung von Fettleibigkeit: eine systematische \u00dcbersicht<\/a><\/li>\n<li><a href=\"https:\/\/www.frontiersin.org\/\" target=\"_blank\" rel=\"noopener\">Frontiers, 2022, Glukose-senkende Wirkung von Berberin bei Typ-2-Diabetes: eine systematische \u00dcberpr\u00fcfung und Meta-Analyse<\/a><\/li>\n<li><a href=\"https:\/\/www.sciencedirect.com\/\" target=\"_blank\" rel=\"noopener\">Biomedizin &amp; Pharmakotherapie, 2021, Therapeutische Wirkung von Berberin bei Stoffwechselkrankheiten: sowohl pharmakologische Daten als auch klinische Beweise<\/a><\/li>\n<li><a href=\"https:\/\/www.frontiersin.org\/\" target=\"_blank\" rel=\"noopener\">Frontiers, 2021, Wirksamkeit und Sicherheit von Berberin allein bei verschiedenen Stoffwechselst\u00f6rungen: Eine systematische \u00dcberpr\u00fcfung und Meta-Analyse von randomisierten klinischen Studien<\/a><\/li>\n<li><a href=\"https:\/\/www.sciencedirect.com\/\" target=\"_blank\" rel=\"noopener\">European Journal of Pharmacology, 2021, Die pharmakologische Aktivit\u00e4t von Berberin, eine \u00dcberpr\u00fcfung zum Schutz der Leber<\/a><\/li>\n<li><a href=\"https:\/\/www.mdpi.com\/\" target=\"_blank\" rel=\"noopener\">Molek\u00fcle, 2022, krebshemmende Wirkungen und Mechanismen von Berberin aus Heilkr\u00e4utern: Ein aktueller \u00dcberblick<\/a><\/li>\n<\/ul>\n\t\t\t\t\t\t\t\t<\/div>\n\t\t\t\t<\/div>\n\t\t\t\t<\/div>\n\t\t\t\t\t<\/div>\n\t\t\t\t<\/div>\n\t\t\t\t<\/div>\n\t\t","protected":false},"excerpt":{"rendered":"<p>FORSCHUNGF\u00dcR BERBERIN Berberin ist eine Substanz, die in einer Vielzahl von Pflanzen vorkommt, darunter Goldwurzel, Berberitze, Oregon-Traube und andere. Berberin<\/p>\n","protected":false},"author":5,"featured_media":0,"parent":0,"menu_order":3,"comment_status":"closed","ping_status":"closed","template":"","meta":{"footnotes":""},"class_list":["post-29151","page","type-page","status-publish","hentry"],"_links":{"self":[{"href":"https:\/\/staging.losebig.gr\/de\/wp-json\/wp\/v2\/pages\/29151","targetHints":{"allow":["GET"]}}],"collection":[{"href":"https:\/\/staging.losebig.gr\/de\/wp-json\/wp\/v2\/pages"}],"about":[{"href":"https:\/\/staging.losebig.gr\/de\/wp-json\/wp\/v2\/types\/page"}],"author":[{"embeddable":true,"href":"https:\/\/staging.losebig.gr\/de\/wp-json\/wp\/v2\/users\/5"}],"replies":[{"embeddable":true,"href":"https:\/\/staging.losebig.gr\/de\/wp-json\/wp\/v2\/comments?post=29151"}],"version-history":[{"count":2,"href":"https:\/\/staging.losebig.gr\/de\/wp-json\/wp\/v2\/pages\/29151\/revisions"}],"predecessor-version":[{"id":29156,"href":"https:\/\/staging.losebig.gr\/de\/wp-json\/wp\/v2\/pages\/29151\/revisions\/29156"}],"wp:attachment":[{"href":"https:\/\/staging.losebig.gr\/de\/wp-json\/wp\/v2\/media?parent=29151"}],"curies":[{"name":"wp","href":"https:\/\/api.w.org\/{rel}","templated":true}]}}