{"id":29103,"date":"2025-01-27T21:05:03","date_gmt":"2025-01-27T19:05:03","guid":{"rendered":"https:\/\/losebig.gr\/apfelessig-extrakt\/"},"modified":"2025-02-13T11:14:05","modified_gmt":"2025-02-13T09:14:05","slug":"apfelessig-extrakt","status":"publish","type":"page","link":"https:\/\/staging.losebig.gr\/de\/apfelessig-extrakt\/","title":{"rendered":"Apfelessig-Extrakt"},"content":{"rendered":"\t\t<div data-elementor-type=\"wp-page\" data-elementor-id=\"29103\" class=\"elementor elementor-29103 elementor-24563\" data-elementor-post-type=\"page\">\n\t\t\t\t<div class=\"wd-negative-gap elementor-element elementor-element-b94dbbb e-flex e-con-boxed e-con e-parent\" data-id=\"b94dbbb\" data-element_type=\"container\" data-e-type=\"container\">\n\t\t\t\t\t<div class=\"e-con-inner\">\n\t\t\t\t<div class=\"elementor-element elementor-element-338c5a0 heading elementor-widget__width-initial elementor-widget-mobile__width-inherit elementor-widget elementor-widget-heading\" data-id=\"338c5a0\" data-element_type=\"widget\" data-e-type=\"widget\" data-widget_type=\"heading.default\">\n\t\t\t\t\t<h1 class=\"elementor-heading-title elementor-size-default\"><br>FORSCHUNG F\u00dcR<u>Apfelessig<\/u><\/h1>\t\t\t\t<\/div>\n\t\t\t\t<div class=\"elementor-element elementor-element-4370b87 elementor-widget__width-initial elementor-widget-mobile__width-inherit color-scheme-inherit text-left elementor-widget elementor-widget-text-editor\" data-id=\"4370b87\" data-element_type=\"widget\" data-e-type=\"widget\" data-widget_type=\"text-editor.default\">\n\t\t\t\t\t\t\t\t\t<p>Apfelessig ist ein Lebensmittel, das seit Jahrhunderten f\u00fcr seine heilenden Eigenschaften und gesundheitlichen Vorteile bekannt ist. Apfelessig besteht haupts\u00e4chlich aus Essigs\u00e4ure und ist reich an Vitaminen, Mineralien, Probiotika und Enzymen. <\/p>\n\t\t\t\t\t\t\t\t<\/div>\n\t\t\t\t\t<\/div>\n\t\t\t\t<\/div>\n\t\t<div class=\"wd-negative-gap elementor-element elementor-element-f183d22 wd-section-stretch e-flex e-con-boxed e-con e-parent\" data-id=\"f183d22\" data-element_type=\"container\" data-e-type=\"container\" data-settings=\"{&quot;background_background&quot;:&quot;classic&quot;}\">\n\t\t\t\t\t<div class=\"e-con-inner\">\n\t\t\t\t<div class=\"elementor-element elementor-element-a706890 heading elementor-widget elementor-widget-heading\" data-id=\"a706890\" data-element_type=\"widget\" data-e-type=\"widget\" data-widget_type=\"heading.default\">\n\t\t\t\t\t<h2 class=\"elementor-heading-title elementor-size-default\"><u>Apfelessig-Extrakt<\/u><\/h2>\t\t\t\t<\/div>\n\t\t\t\t<div class=\"elementor-element elementor-element-d2a9b00 text-center color-scheme-inherit elementor-widget elementor-widget-text-editor\" data-id=\"d2a9b00\" data-element_type=\"widget\" data-e-type=\"widget\" data-widget_type=\"text-editor.default\">\n\t\t\t\t\t\t\t\t\t<p>Ein nat\u00fcrliches Mittel, das Ihnen helfen wird, Ihr Normalgewicht wieder zu erreichen.<\/p>\n\t\t\t\t\t\t\t\t<\/div>\n\t\t<div class=\"elementor-element elementor-element-aac0b3a e-con-full e-flex e-con e-child\" data-id=\"aac0b3a\" data-element_type=\"container\" data-e-type=\"container\">\n\t\t<div class=\"elementor-element elementor-element-d8048f9 e-con-full e-flex e-con e-child\" data-id=\"d8048f9\" data-element_type=\"container\" data-e-type=\"container\">\n\t\t\t\t<div class=\"elementor-element elementor-element-b737c36 txt-no-col color-scheme-inherit text-left elementor-widget elementor-widget-text-editor\" data-id=\"b737c36\" data-element_type=\"widget\" data-e-type=\"widget\" data-widget_type=\"text-editor.default\">\n\t\t\t\t\t\t\t\t\t<p>Die vorliegende systematische \u00dcbersichtsarbeit und Meta-Analyse untersuchte die Wirkung des Apfelessigkonsums auf Lipid- und glyk\u00e4mische Parameter. Aus 9 ausgew\u00e4hlten Studien (Bashiri R.2014, J EndocrinolMetab. 2009,CurrRes. 2017, Kausar S 2019, Khezri SS 2018, Kondo T 2009, Mahmoodi M 2013, Mohammadpourhodki R 2015, Panetta CJ. 2013) mit insgesamt 686 Teilnehmern ergab die Analyse, dass der Verzehr von Apfelessig einen signifikant positiven Effekt auf den Gesamtcholesterinspiegel (TC) sowie einen Trend zur Senkung der Serumtriglyceride (TG) hatte. <\/p>\n<p><strong>Studien<\/strong><\/p>\n<p><a href=\"https:\/\/pubmed.ncbi.nlm.nih.gov\/34187442\/\" target=\"_blank\" rel=\"noopener\">Hadi A, Pourmasoumi M, Najafgholizadeh A, Clark CCT, Esmaillzadeh A. The effect of apple cider vinegar on lipid profiles and glycemic parameters: a systematic review and meta-analysis of randomized clinical trials. BMC Complement Med Ther. 2021 Jun 29;21(1):179. doi: 10.1186\/s12906-021-03351-w. PMID: 34187442; PMCID: PMC8243436.<\/a><\/p>\n<p><a href=\"https:\/\/www.researchgate.net\/publication\/370398495_Effectiveness_of_apple_cider_vinegar_on_reduction_of_hyperglycemia_among_diabetic_clients\" target=\"_blank\" rel=\"noopener\">Bashiri R, Ghadiri-Anari A, Hekmatimoghadam H, Dehghani A, Najarzadeh A.   <\/a><\/p>\n<p><a href=\"https:\/\/pmc.ncbi.nlm.nih.gov\/articles\/PMC6233907\/\" target=\"_blank\" rel=\"noopener\">Ebrahimi-Mamaghani M, Arefhosseini S, Golzarand M, Aliasgarzadeh A, Vahed-Jabbary M. Langfristige Auswirkungen von verarbeitetem Berberisvulgaris auf einige Komponenten des metabolischen Syndroms.   <\/a><\/p>\n<p><a href=\"http:\/\/ijmcr.com\/apple-cider-vinegar-ameliorates-hyperglycemia-and-hyperlipidemia-in-tunisian-type-2-diabetic-patients\/\" target=\"_blank\" rel=\"noopener\">Halima BH, Sarra K, Mohamed S, Louay T, Fethi BS, Houda BJ, et al.    <\/a><\/p>\n<p><a href=\"https:\/\/www.ijmrhs.com\/abstract\/effect-of-apple-cider-vinegar-in-type-2-diabetic-patients-with-poor-glycemic-control-a-randomized-placebo-controlled-des-15577.html\" target=\"_blank\" rel=\"noopener\">Kausar S, Abbas MA, Hajra Ahmad NY, Ahmed Z, Humayun N, Ashfaq H, et al.    <\/a><\/p>\n\t\t\t\t\t\t\t\t<\/div>\n\t\t\t\t<\/div>\n\t\t\t\t<div class=\"elementor-element elementor-element-1defa70 elementor-widget__width-initial elementor-widget-mobile__width-inherit elementor-widget elementor-widget-image\" data-id=\"1defa70\" data-element_type=\"widget\" data-e-type=\"widget\" data-widget_type=\"image.default\">\n\t\t\t\t\t\t\t\t\t\t\t\t\t\t\t<img loading=\"lazy\" decoding=\"async\" width=\"845\" height=\"660\" src=\"https:\/\/staging.losebig.gr\/wp-content\/uploads\/2025\/01\/Studies-Apple-Cider-Vinegar.jpg\" class=\"attachment-full size-full wp-image-29113\" alt=\"\" srcset=\"https:\/\/staging.losebig.gr\/wp-content\/uploads\/2025\/01\/Studies-Apple-Cider-Vinegar.jpg 845w, https:\/\/staging.losebig.gr\/wp-content\/uploads\/2025\/01\/Studies-Apple-Cider-Vinegar-384x300.jpg 384w, https:\/\/staging.losebig.gr\/wp-content\/uploads\/2025\/01\/Studies-Apple-Cider-Vinegar-768x600.jpg 768w, https:\/\/staging.losebig.gr\/wp-content\/uploads\/2025\/01\/Studies-Apple-Cider-Vinegar-600x469.jpg 600w, https:\/\/staging.losebig.gr\/wp-content\/uploads\/2025\/01\/Studies-Apple-Cider-Vinegar-250x195.jpg 250w\" sizes=\"auto, (max-width: 845px) 100vw, 845px\" \/>\t\t\t\t\t\t\t\t\t\t\t\t\t\t\t<\/div>\n\t\t\t\t<\/div>\n\t\t\t\t\t<\/div>\n\t\t\t\t<\/div>\n\t\t\t\t<\/div>\n\t\t","protected":false},"excerpt":{"rendered":"<p>FORSCHUNG F\u00dcRApfelessig Apfelessig ist ein Lebensmittel, das seit Jahrhunderten f\u00fcr seine heilenden Eigenschaften und gesundheitlichen Vorteile bekannt ist. Apfelessig besteht<\/p>\n","protected":false},"author":5,"featured_media":0,"parent":0,"menu_order":3,"comment_status":"closed","ping_status":"closed","template":"","meta":{"footnotes":""},"class_list":["post-29103","page","type-page","status-publish","hentry"],"_links":{"self":[{"href":"https:\/\/staging.losebig.gr\/de\/wp-json\/wp\/v2\/pages\/29103","targetHints":{"allow":["GET"]}}],"collection":[{"href":"https:\/\/staging.losebig.gr\/de\/wp-json\/wp\/v2\/pages"}],"about":[{"href":"https:\/\/staging.losebig.gr\/de\/wp-json\/wp\/v2\/types\/page"}],"author":[{"embeddable":true,"href":"https:\/\/staging.losebig.gr\/de\/wp-json\/wp\/v2\/users\/5"}],"replies":[{"embeddable":true,"href":"https:\/\/staging.losebig.gr\/de\/wp-json\/wp\/v2\/comments?post=29103"}],"version-history":[{"count":2,"href":"https:\/\/staging.losebig.gr\/de\/wp-json\/wp\/v2\/pages\/29103\/revisions"}],"predecessor-version":[{"id":29115,"href":"https:\/\/staging.losebig.gr\/de\/wp-json\/wp\/v2\/pages\/29103\/revisions\/29115"}],"wp:attachment":[{"href":"https:\/\/staging.losebig.gr\/de\/wp-json\/wp\/v2\/media?parent=29103"}],"curies":[{"name":"wp","href":"https:\/\/api.w.org\/{rel}","templated":true}]}}