{"id":29080,"date":"2025-01-07T13:11:52","date_gmt":"2025-01-07T11:11:52","guid":{"rendered":"https:\/\/losebig.gr\/tryptophan\/"},"modified":"2025-02-13T11:14:02","modified_gmt":"2025-02-13T09:14:02","slug":"tryptophan","status":"publish","type":"page","link":"https:\/\/staging.losebig.gr\/de\/tryptophan\/","title":{"rendered":"Tryptophan"},"content":{"rendered":"\t\t<div data-elementor-type=\"wp-page\" data-elementor-id=\"29080\" class=\"elementor elementor-29080 elementor-19960\" data-elementor-post-type=\"page\">\n\t\t\t\t<div class=\"wd-negative-gap elementor-element elementor-element-b94dbbb e-flex e-con-boxed e-con e-parent\" data-id=\"b94dbbb\" data-element_type=\"container\" data-e-type=\"container\">\n\t\t\t\t\t<div class=\"e-con-inner\">\n\t\t\t\t<div class=\"elementor-element elementor-element-338c5a0 heading elementor-widget__width-initial elementor-widget-mobile__width-inherit elementor-widget elementor-widget-heading\" data-id=\"338c5a0\" data-element_type=\"widget\" data-e-type=\"widget\" data-widget_type=\"heading.default\">\n\t\t\t\t\t<h1 class=\"elementor-heading-title elementor-size-default\"><br>UNTERSUCHUNGEN F\u00dcR<u>TRYPTOPHAN<\/u><\/h1>\t\t\t\t<\/div>\n\t\t\t\t<div class=\"elementor-element elementor-element-4370b87 elementor-widget__width-initial elementor-widget-mobile__width-inherit color-scheme-inherit text-left elementor-widget elementor-widget-text-editor\" data-id=\"4370b87\" data-element_type=\"widget\" data-e-type=\"widget\" data-widget_type=\"text-editor.default\">\n\t\t\t\t\t\t\t\t\t<p>Tryptophan ist eine essentielle Aminos\u00e4ure, die eine Schl\u00fcsselrolle bei der Synthese von Serotonin, dem &#8220;Gl\u00fcckshormon&#8221;, spielt. Serotonin kann dazu beitragen, die Stimmung zu verbessern und Hei\u00dfhungerattacken zu reduzieren, was zu einem ausgewogeneren Gewichtsmanagement beitr\u00e4gt. <\/p>\n\t\t\t\t\t\t\t\t<\/div>\n\t\t\t\t\t<\/div>\n\t\t\t\t<\/div>\n\t\t<div class=\"wd-negative-gap elementor-element elementor-element-351b97a wd-section-stretch e-flex e-con-boxed e-con e-parent\" data-id=\"351b97a\" data-element_type=\"container\" data-e-type=\"container\" data-settings=\"{&quot;background_background&quot;:&quot;classic&quot;}\">\n\t\t\t\t\t<div class=\"e-con-inner\">\n\t\t\t\t<div class=\"elementor-element elementor-element-f4c5717 heading elementor-widget elementor-widget-heading\" data-id=\"f4c5717\" data-element_type=\"widget\" data-e-type=\"widget\" data-widget_type=\"heading.default\">\n\t\t\t\t\t<h2 class=\"elementor-heading-title elementor-size-default\"><u>Tryptophan<\/u><\/h2>\t\t\t\t<\/div>\n\t\t\t\t<div class=\"elementor-element elementor-element-17a7127 text-center color-scheme-inherit elementor-widget elementor-widget-text-editor\" data-id=\"17a7127\" data-element_type=\"widget\" data-e-type=\"widget\" data-widget_type=\"text-editor.default\">\n\t\t\t\t\t\t\t\t\t<p>Warum ist es so wichtig f\u00fcr LOSEBiG?<\/p>\n\t\t\t\t\t\t\t\t<\/div>\n\t\t<div class=\"elementor-element elementor-element-626faf9 e-con-full e-flex e-con e-child\" data-id=\"626faf9\" data-element_type=\"container\" data-e-type=\"container\">\n\t\t<div class=\"elementor-element elementor-element-8d5a8b0 e-con-full e-flex e-con e-child\" data-id=\"8d5a8b0\" data-element_type=\"container\" data-e-type=\"container\">\n\t\t\t\t<div class=\"elementor-element elementor-element-8743408 txt-no-col color-scheme-inherit text-left elementor-widget elementor-widget-text-editor\" data-id=\"8743408\" data-element_type=\"widget\" data-e-type=\"widget\" data-widget_type=\"text-editor.default\">\n\t\t\t\t\t\t\t\t\t<p>Tryptophan ist eine der 8 essentiellen Aminos\u00e4uren, die unser K\u00f6rper f\u00fcr die Verarbeitung von Proteinen und die Synthese &#8211; die Produktion von Serotonin (Neurotransmitter, der das Gef\u00fchl der Euphorie hervorruft) und &#8211; in geringerem Ma\u00dfe &#8211; von Dopamin (Neurotransmitter, der Gef\u00fchle der Freude und guten Laune hervorruft und uns gleichzeitig &#8220;aktiviert&#8221;) ben\u00f6tigt.  <\/p>\n<p>Wenn Sie sich also nerv\u00f6s, angespannt und \u00e4ngstlich f\u00fchlen oder eine &#8220;schlechte&#8221; Laune haben und nicht gut schlafen oder mit Depressionen zu k\u00e4mpfen haben, dann ist Tryptophan die L\u00f6sung, die Sie suchen!<\/p>\n<p>Gewichtszunahme: Ein verminderter Tryptophan- und Serotoninspiegel korreliert mit einem erh\u00f6hten Verzehr von kohlenhydrathaltigen Lebensmitteln. Dies \u00e4u\u00dfert sich auch in einer Neigung zu Naschereien und hyperphasischen Episoden. Tryptophan kontrolliert Bulimie und reguliert das Appetitniveau.  <\/p>\n\t\t\t\t\t\t\t\t<\/div>\n\t\t\t\t<\/div>\n\t\t\t\t<div class=\"elementor-element elementor-element-783a1a1 elementor-widget__width-initial elementor-widget-mobile__width-inherit elementor-widget elementor-widget-image\" data-id=\"783a1a1\" data-element_type=\"widget\" data-e-type=\"widget\" data-widget_type=\"image.default\">\n\t\t\t\t\t\t\t\t\t\t\t\t\t\t\t<img loading=\"lazy\" decoding=\"async\" width=\"845\" height=\"660\" src=\"https:\/\/staging.losebig.gr\/wp-content\/uploads\/2025\/01\/Studies-Tryptophan-01.jpg\" class=\"attachment-full size-full wp-image-29222\" alt=\"\" srcset=\"https:\/\/staging.losebig.gr\/wp-content\/uploads\/2025\/01\/Studies-Tryptophan-01.jpg 845w, https:\/\/staging.losebig.gr\/wp-content\/uploads\/2025\/01\/Studies-Tryptophan-01-384x300.jpg 384w, https:\/\/staging.losebig.gr\/wp-content\/uploads\/2025\/01\/Studies-Tryptophan-01-768x600.jpg 768w, https:\/\/staging.losebig.gr\/wp-content\/uploads\/2025\/01\/Studies-Tryptophan-01-600x469.jpg 600w, https:\/\/staging.losebig.gr\/wp-content\/uploads\/2025\/01\/Studies-Tryptophan-01-250x195.jpg 250w\" sizes=\"auto, (max-width: 845px) 100vw, 845px\" \/>\t\t\t\t\t\t\t\t\t\t\t\t\t\t\t<\/div>\n\t\t\t\t<\/div>\n\t\t\t\t\t<\/div>\n\t\t\t\t<\/div>\n\t\t\t\t<\/div>\n\t\t","protected":false},"excerpt":{"rendered":"<p>UNTERSUCHUNGEN F\u00dcRTRYPTOPHAN Tryptophan ist eine essentielle Aminos\u00e4ure, die eine Schl\u00fcsselrolle bei der Synthese von Serotonin, dem &#8220;Gl\u00fcckshormon&#8221;, spielt. Serotonin kann<\/p>\n","protected":false},"author":5,"featured_media":0,"parent":0,"menu_order":3,"comment_status":"closed","ping_status":"closed","template":"","meta":{"footnotes":""},"class_list":["post-29080","page","type-page","status-publish","hentry"],"_links":{"self":[{"href":"https:\/\/staging.losebig.gr\/de\/wp-json\/wp\/v2\/pages\/29080","targetHints":{"allow":["GET"]}}],"collection":[{"href":"https:\/\/staging.losebig.gr\/de\/wp-json\/wp\/v2\/pages"}],"about":[{"href":"https:\/\/staging.losebig.gr\/de\/wp-json\/wp\/v2\/types\/page"}],"author":[{"embeddable":true,"href":"https:\/\/staging.losebig.gr\/de\/wp-json\/wp\/v2\/users\/5"}],"replies":[{"embeddable":true,"href":"https:\/\/staging.losebig.gr\/de\/wp-json\/wp\/v2\/comments?post=29080"}],"version-history":[{"count":2,"href":"https:\/\/staging.losebig.gr\/de\/wp-json\/wp\/v2\/pages\/29080\/revisions"}],"predecessor-version":[{"id":29085,"href":"https:\/\/staging.losebig.gr\/de\/wp-json\/wp\/v2\/pages\/29080\/revisions\/29085"}],"wp:attachment":[{"href":"https:\/\/staging.losebig.gr\/de\/wp-json\/wp\/v2\/media?parent=29080"}],"curies":[{"name":"wp","href":"https:\/\/api.w.org\/{rel}","templated":true}]}}