{"id":29071,"date":"2025-01-07T14:28:40","date_gmt":"2025-01-07T12:28:40","guid":{"rendered":"https:\/\/losebig.gr\/garcinia-extrakt\/"},"modified":"2025-02-13T11:14:02","modified_gmt":"2025-02-13T09:14:02","slug":"garcinia-extrakt","status":"publish","type":"page","link":"https:\/\/staging.losebig.gr\/de\/garcinia-extrakt\/","title":{"rendered":"Garcinia-Extrakt"},"content":{"rendered":"\t\t<div data-elementor-type=\"wp-page\" data-elementor-id=\"29071\" class=\"elementor elementor-29071 elementor-20031\" data-elementor-post-type=\"page\">\n\t\t\t\t<div class=\"wd-negative-gap elementor-element elementor-element-b94dbbb e-flex e-con-boxed e-con e-parent\" data-id=\"b94dbbb\" data-element_type=\"container\" data-e-type=\"container\">\n\t\t\t\t\t<div class=\"e-con-inner\">\n\t\t\t\t<div class=\"elementor-element elementor-element-338c5a0 heading elementor-widget__width-initial elementor-widget-mobile__width-inherit elementor-widget elementor-widget-heading\" data-id=\"338c5a0\" data-element_type=\"widget\" data-e-type=\"widget\" data-widget_type=\"heading.default\">\n\t\t\t\t\t<h1 class=\"elementor-heading-title elementor-size-default\"><br>FORSCHUNG \u00dcBER<u>GARCINIA-EXTRAKT<\/u><\/h1>\t\t\t\t<\/div>\n\t\t\t\t<div class=\"elementor-element elementor-element-4370b87 elementor-widget__width-initial elementor-widget-mobile__width-inherit color-scheme-inherit text-left elementor-widget elementor-widget-text-editor\" data-id=\"4370b87\" data-element_type=\"widget\" data-e-type=\"widget\" data-widget_type=\"text-editor.default\">\n\t\t\t\t\t\t\t\t\t<p>Garcinia Cambogia hat dank seines Wirkstoffs HCA (Hydroxyzitronens\u00e4ure) als nat\u00fcrliches Mittel zur Gewichtskontrolle an Popularit\u00e4t gewonnen. HCA scheint dabei zu helfen, den Appetit zu z\u00fcgeln und die Fettspeicherung zu hemmen, und bietet somit eine nat\u00fcrliche M\u00f6glichkeit, eine gesunde Ern\u00e4hrung zu unterst\u00fctzen. <\/p>\n\t\t\t\t\t\t\t\t<\/div>\n\t\t\t\t\t<\/div>\n\t\t\t\t<\/div>\n\t\t<div class=\"wd-negative-gap elementor-element elementor-element-5b5f517 wd-section-stretch e-flex e-con-boxed e-con e-parent\" data-id=\"5b5f517\" data-element_type=\"container\" data-e-type=\"container\" data-settings=\"{&quot;background_background&quot;:&quot;classic&quot;}\">\n\t\t\t\t\t<div class=\"e-con-inner\">\n\t\t\t\t<div class=\"elementor-element elementor-element-f2c1083 heading elementor-widget elementor-widget-heading\" data-id=\"f2c1083\" data-element_type=\"widget\" data-e-type=\"widget\" data-widget_type=\"heading.default\">\n\t\t\t\t\t<h2 class=\"elementor-heading-title elementor-size-default\"><u>GARCINIA\/HCA-EXTRAKT<\/u><\/h2>\t\t\t\t<\/div>\n\t\t\t\t<div class=\"elementor-element elementor-element-5830ef5 text-center color-scheme-inherit elementor-widget elementor-widget-text-editor\" data-id=\"5830ef5\" data-element_type=\"widget\" data-e-type=\"widget\" data-widget_type=\"text-editor.default\">\n\t\t\t\t\t\t\t\t\t<p>Die Beziehung zwischen der Wirksamkeit von LOSEBIG und GARCINIA\/HCA.<\/p>\n\t\t\t\t\t\t\t\t<\/div>\n\t\t<div class=\"elementor-element elementor-element-88a0508 e-con-full e-flex e-con e-child\" data-id=\"88a0508\" data-element_type=\"container\" data-e-type=\"container\">\n\t\t<div class=\"elementor-element elementor-element-dfbd2a5 e-con-full e-flex e-con e-child\" data-id=\"dfbd2a5\" data-element_type=\"container\" data-e-type=\"container\">\n\t\t\t\t<div class=\"elementor-element elementor-element-91afb64 txt-no-col color-scheme-inherit text-left elementor-widget elementor-widget-text-editor\" data-id=\"91afb64\" data-element_type=\"widget\" data-e-type=\"widget\" data-widget_type=\"text-editor.default\">\n\t\t\t\t\t\t\t\t\t<p>Ziel dieser systematischen \u00dcbersichtsarbeit ist es, die Wirksamkeit von Garcinia-Extrakt, Hydroxyzitronens\u00e4ure (HCA) als Mittel zur Gewichtsreduktion anhand von Daten aus randomisierten klinischen Studien (RCTs) zu untersuchen.<\/p>\n<p>Zwei unabh\u00e4ngige Gutachter extrahierten die Daten und bewerteten die methodische Qualit\u00e4t der eingeschlossenen Studien. Es wurden dreiundzwanzig in Frage kommende Studien identifiziert, von denen zw\u00f6lf eingeschlossen wurden. Neun Studien lieferten Daten, die f\u00fcr eine statistische Zusammenf\u00fchrung geeignet waren. Die Meta-Analyse ergab einen kleinen, statistisch signifikanten Unterschied in der Gewichtsabnahme zugunsten von HCA gegen\u00fcber Placebo (MD: -0,88 kg; 95% CI: -1,75, -0,00). Gastrointestinale unerw\u00fcnschte Ereignisse waren in der HCA-Gruppe doppelt so h\u00e4ufig wie in der Placebo-Gruppe in einer der eingeschlossenen Studien.     <\/p>\n<p>Man kommt zu dem Schluss, dass RCTs darauf hindeuten, dass Garcinia\/HCA-Extrakte einen kurzfristigen Gewichtsverlust bewirken k\u00f6nnen.<small><\/small><\/p>\n<p><strong>Nachforschungen:<\/strong><\/p>\n<ul>\n<li><a href=\"https:\/\/pubmed.ncbi.nlm.nih.gov\/21197150\/\" target=\"_blank\" rel=\"noopener\">Die Verwendung von Garcinia-Extrakt (Hydroxyzitronens\u00e4ure) als Nahrungserg\u00e4nzungsmittel zur Gewichtsabnahme: Eine systematische \u00dcberpr\u00fcfung und Meta-Analyse von randomisierten klinischen Versuchen<\/a><\/li>\n<\/ul>\n\t\t\t\t\t\t\t\t<\/div>\n\t\t\t\t<\/div>\n\t\t\t\t<div class=\"elementor-element elementor-element-5c0b67c elementor-widget__width-initial elementor-widget-mobile__width-inherit elementor-widget-tablet__width-inherit elementor-widget elementor-widget-image\" data-id=\"5c0b67c\" data-element_type=\"widget\" data-e-type=\"widget\" data-widget_type=\"image.default\">\n\t\t\t\t\t\t\t\t\t\t\t\t\t\t\t<img loading=\"lazy\" decoding=\"async\" width=\"845\" height=\"660\" src=\"https:\/\/staging.losebig.gr\/wp-content\/uploads\/2025\/01\/Studies-Garcinia-01.jpg\" class=\"attachment-full size-full wp-image-29224\" alt=\"\" srcset=\"https:\/\/staging.losebig.gr\/wp-content\/uploads\/2025\/01\/Studies-Garcinia-01.jpg 845w, https:\/\/staging.losebig.gr\/wp-content\/uploads\/2025\/01\/Studies-Garcinia-01-384x300.jpg 384w, https:\/\/staging.losebig.gr\/wp-content\/uploads\/2025\/01\/Studies-Garcinia-01-768x600.jpg 768w, https:\/\/staging.losebig.gr\/wp-content\/uploads\/2025\/01\/Studies-Garcinia-01-600x469.jpg 600w, https:\/\/staging.losebig.gr\/wp-content\/uploads\/2025\/01\/Studies-Garcinia-01-250x195.jpg 250w\" sizes=\"auto, (max-width: 845px) 100vw, 845px\" \/>\t\t\t\t\t\t\t\t\t\t\t\t\t\t\t<\/div>\n\t\t\t\t<\/div>\n\t\t\t\t\t<\/div>\n\t\t\t\t<\/div>\n\t\t\t\t<\/div>\n\t\t","protected":false},"excerpt":{"rendered":"<p>FORSCHUNG \u00dcBERGARCINIA-EXTRAKT Garcinia Cambogia hat dank seines Wirkstoffs HCA (Hydroxyzitronens\u00e4ure) als nat\u00fcrliches Mittel zur Gewichtskontrolle an Popularit\u00e4t gewonnen. HCA scheint<\/p>\n","protected":false},"author":5,"featured_media":0,"parent":0,"menu_order":3,"comment_status":"closed","ping_status":"closed","template":"","meta":{"footnotes":""},"class_list":["post-29071","page","type-page","status-publish","hentry"],"_links":{"self":[{"href":"https:\/\/staging.losebig.gr\/de\/wp-json\/wp\/v2\/pages\/29071","targetHints":{"allow":["GET"]}}],"collection":[{"href":"https:\/\/staging.losebig.gr\/de\/wp-json\/wp\/v2\/pages"}],"about":[{"href":"https:\/\/staging.losebig.gr\/de\/wp-json\/wp\/v2\/types\/page"}],"author":[{"embeddable":true,"href":"https:\/\/staging.losebig.gr\/de\/wp-json\/wp\/v2\/users\/5"}],"replies":[{"embeddable":true,"href":"https:\/\/staging.losebig.gr\/de\/wp-json\/wp\/v2\/comments?post=29071"}],"version-history":[{"count":2,"href":"https:\/\/staging.losebig.gr\/de\/wp-json\/wp\/v2\/pages\/29071\/revisions"}],"predecessor-version":[{"id":29077,"href":"https:\/\/staging.losebig.gr\/de\/wp-json\/wp\/v2\/pages\/29071\/revisions\/29077"}],"wp:attachment":[{"href":"https:\/\/staging.losebig.gr\/de\/wp-json\/wp\/v2\/media?parent=29071"}],"curies":[{"name":"wp","href":"https:\/\/api.w.org\/{rel}","templated":true}]}}