{"id":29054,"date":"2025-01-27T21:08:01","date_gmt":"2025-01-27T19:08:01","guid":{"rendered":"https:\/\/losebig.gr\/jujuba-extrakt\/"},"modified":"2025-02-13T11:09:09","modified_gmt":"2025-02-13T09:09:09","slug":"jujuba-extrakt","status":"publish","type":"page","link":"https:\/\/staging.losebig.gr\/de\/jujuba-extrakt\/","title":{"rendered":"Jujuba-Extrakt"},"content":{"rendered":"\t\t<div data-elementor-type=\"wp-page\" data-elementor-id=\"29054\" class=\"elementor elementor-29054 elementor-24576\" data-elementor-post-type=\"page\">\n\t\t\t\t<div class=\"wd-negative-gap elementor-element elementor-element-b94dbbb e-flex e-con-boxed e-con e-parent\" data-id=\"b94dbbb\" data-element_type=\"container\" data-e-type=\"container\">\n\t\t\t\t\t<div class=\"e-con-inner\">\n\t\t\t\t<div class=\"elementor-element elementor-element-338c5a0 heading elementor-widget__width-initial elementor-widget-mobile__width-inherit elementor-widget elementor-widget-heading\" data-id=\"338c5a0\" data-element_type=\"widget\" data-e-type=\"widget\" data-widget_type=\"heading.default\">\n\t\t\t\t\t<h1 class=\"elementor-heading-title elementor-size-default\"><br>FORSCHUNG<u>F\u00dcR JUJUBA<\/u><\/h1>\t\t\t\t<\/div>\n\t\t\t\t<div class=\"elementor-element elementor-element-4370b87 elementor-widget__width-initial elementor-widget-mobile__width-inherit color-scheme-inherit text-left elementor-widget elementor-widget-text-editor\" data-id=\"4370b87\" data-element_type=\"widget\" data-e-type=\"widget\" data-widget_type=\"text-editor.default\">\n\t\t\t\t\t\t\t\t\t<p>Der Extrakt aus der Jujuba-Pflanze (auch bekannt als Jujube oder chinesische Feige) wurde auf seine verschiedenen pharmakologischen Wirkungen hin untersucht, darunter seine Auswirkungen auf die Gewichtsabnahme und die Behandlung des metabolischen Syndroms.<\/p>\n\t\t\t\t\t\t\t\t<\/div>\n\t\t\t\t\t<\/div>\n\t\t\t\t<\/div>\n\t\t<div class=\"wd-negative-gap elementor-element elementor-element-f183d22 wd-section-stretch e-flex e-con-boxed e-con e-parent\" data-id=\"f183d22\" data-element_type=\"container\" data-e-type=\"container\" data-settings=\"{&quot;background_background&quot;:&quot;classic&quot;}\">\n\t\t\t\t\t<div class=\"e-con-inner\">\n\t\t\t\t<div class=\"elementor-element elementor-element-a706890 heading elementor-widget elementor-widget-heading\" data-id=\"a706890\" data-element_type=\"widget\" data-e-type=\"widget\" data-widget_type=\"heading.default\">\n\t\t\t\t\t<h2 class=\"elementor-heading-title elementor-size-default\">Der legend\u00e4re <u>Ciccio<\/u><\/h2>\t\t\t\t<\/div>\n\t\t\t\t<div class=\"elementor-element elementor-element-d2a9b00 text-center color-scheme-inherit elementor-widget elementor-widget-text-editor\" data-id=\"d2a9b00\" data-element_type=\"widget\" data-e-type=\"widget\" data-widget_type=\"text-editor.default\">\n\t\t\t\t\t\t\t\t\t<p>Ein nat\u00fcrliches Mittel, das Ihnen helfen wird, Ihr Normalgewicht wieder zu erreichen.<\/p>\n\t\t\t\t\t\t\t\t<\/div>\n\t\t<div class=\"elementor-element elementor-element-aac0b3a e-con-full e-flex e-con e-child\" data-id=\"aac0b3a\" data-element_type=\"container\" data-e-type=\"container\">\n\t\t<div class=\"elementor-element elementor-element-d8048f9 e-con-full e-flex e-con e-child\" data-id=\"d8048f9\" data-element_type=\"container\" data-e-type=\"container\">\n\t\t\t\t<div class=\"elementor-element elementor-element-b737c36 txt-no-col color-scheme-inherit text-left elementor-widget elementor-widget-text-editor\" data-id=\"b737c36\" data-element_type=\"widget\" data-e-type=\"widget\" data-widget_type=\"text-editor.default\">\n\t\t\t\t\t\t\t\t\t<p>Eine randomisierte klinische Studie untersuchte die Auswirkungen von Jujuba-Extrakt auf Menschen mit Fettleibigkeit und Stoffwechselst\u00f6rungen. An der Studie nahmen 100 \u00fcbergewichtige Erwachsene teil, die 12 Wochen lang entweder Jujuba-Extrakt oder ein Placebo erhielten. Die Ergebnisse zeigten, dass die Teilnehmer, die den Extrakt erhielten, im Vergleich zur Placebogruppe eine signifikante Reduzierung des K\u00f6rpergewichts (durchschnittlich 3,4 kg) aufwiesen. Dar\u00fcber hinaus verbesserten sich die Glukose- und Cholesterinwerte, w\u00e4hrend die Insulinresistenz signifikant reduziert wurde.   <\/p>\n<p>Die zus\u00e4tzliche Einnahme von Jujuba-Extrakt kann dazu beitragen, das K\u00f6rpergewicht zu reduzieren und die Stoffwechselparameter bei \u00fcbergewichtigen Menschen zu verbessern.<\/p>\n<p><a href=\"https:\/\/www.sciencedirect.com\/science\/article\/pii\/S2667268524000172\" target=\"_blank\" rel=\"noopener\">AzadehHeydarian, NeginTahvilian, Hossein Shahinfar, Seyed Ali Abbas-Hashemi, Hossein Bahari, Sahar Cheshmeh, NaheedAryaeian,The effect of consumption Ziziphusjujuba on metabolic factors: A systematic review and meta-analysis of randomized clinical trials, Clinical Nutrition Open Science,Volume 55, 2024, Pages 183-192, ISSN 2667-2685,https:\/\/doi.org\/10.1016\/j.nutos.2024.03.003.<\/a><\/p>\n<p>Klinische Studien und Studien an Mensch und Tier zeigen, dass Jujube-Extrakt \u00fcber mehrere Mechanismen eine positive Wirkung auf die Gewichtsabnahme haben kann, wie z.B. die Verbesserung des Stoffwechsels, die Unterdr\u00fcckung des Appetits, die Steigerung der Fettverbrennung und die Verbesserung der Stoffwechselmarker (wie Blutzucker und Lipidspiegel).<\/p>\n<p>Es sind jedoch noch weitere und umfangreichere klinische Untersuchungen erforderlich, um die genauen Wirkmechanismen der Jujube bei der Gewichtsabnahme zu bestimmen.<\/p>\n\t\t\t\t\t\t\t\t<\/div>\n\t\t\t\t<\/div>\n\t\t\t\t<div class=\"elementor-element elementor-element-1defa70 elementor-widget__width-initial elementor-widget-mobile__width-inherit elementor-widget elementor-widget-image\" data-id=\"1defa70\" data-element_type=\"widget\" data-e-type=\"widget\" data-widget_type=\"image.default\">\n\t\t\t\t\t\t\t\t\t\t\t\t\t\t\t<img loading=\"lazy\" decoding=\"async\" width=\"845\" height=\"660\" src=\"https:\/\/staging.losebig.gr\/wp-content\/uploads\/2025\/01\/Studies-Jujuba.jpg\" class=\"attachment-full size-full wp-image-29058\" alt=\"\" srcset=\"https:\/\/staging.losebig.gr\/wp-content\/uploads\/2025\/01\/Studies-Jujuba.jpg 845w, https:\/\/staging.losebig.gr\/wp-content\/uploads\/2025\/01\/Studies-Jujuba-384x300.jpg 384w, https:\/\/staging.losebig.gr\/wp-content\/uploads\/2025\/01\/Studies-Jujuba-768x600.jpg 768w, https:\/\/staging.losebig.gr\/wp-content\/uploads\/2025\/01\/Studies-Jujuba-600x469.jpg 600w, https:\/\/staging.losebig.gr\/wp-content\/uploads\/2025\/01\/Studies-Jujuba-250x195.jpg 250w\" sizes=\"auto, (max-width: 845px) 100vw, 845px\" \/>\t\t\t\t\t\t\t\t\t\t\t\t\t\t\t<\/div>\n\t\t\t\t<\/div>\n\t\t\t\t\t<\/div>\n\t\t\t\t<\/div>\n\t\t\t\t<\/div>\n\t\t","protected":false},"excerpt":{"rendered":"<p>FORSCHUNGF\u00dcR JUJUBA Der Extrakt aus der Jujuba-Pflanze (auch bekannt als Jujube oder chinesische Feige) wurde auf seine verschiedenen pharmakologischen Wirkungen<\/p>\n","protected":false},"author":5,"featured_media":0,"parent":0,"menu_order":3,"comment_status":"closed","ping_status":"closed","template":"","meta":{"footnotes":""},"class_list":["post-29054","page","type-page","status-publish","hentry"],"_links":{"self":[{"href":"https:\/\/staging.losebig.gr\/de\/wp-json\/wp\/v2\/pages\/29054","targetHints":{"allow":["GET"]}}],"collection":[{"href":"https:\/\/staging.losebig.gr\/de\/wp-json\/wp\/v2\/pages"}],"about":[{"href":"https:\/\/staging.losebig.gr\/de\/wp-json\/wp\/v2\/types\/page"}],"author":[{"embeddable":true,"href":"https:\/\/staging.losebig.gr\/de\/wp-json\/wp\/v2\/users\/5"}],"replies":[{"embeddable":true,"href":"https:\/\/staging.losebig.gr\/de\/wp-json\/wp\/v2\/comments?post=29054"}],"version-history":[{"count":2,"href":"https:\/\/staging.losebig.gr\/de\/wp-json\/wp\/v2\/pages\/29054\/revisions"}],"predecessor-version":[{"id":29060,"href":"https:\/\/staging.losebig.gr\/de\/wp-json\/wp\/v2\/pages\/29054\/revisions\/29060"}],"wp:attachment":[{"href":"https:\/\/staging.losebig.gr\/de\/wp-json\/wp\/v2\/media?parent=29054"}],"curies":[{"name":"wp","href":"https:\/\/api.w.org\/{rel}","templated":true}]}}